{"id":1196,"date":"2020-04-16T07:24:08","date_gmt":"2020-04-16T05:24:08","guid":{"rendered":"http:\/\/kronsafety.com\/shop\/?post_type=product&#038;p=1196"},"modified":"2020-04-20T16:54:05","modified_gmt":"2020-04-20T14:54:05","slug":"personenwinde-benzin-harken-power-seat-gas","status":"publish","type":"product","link":"https:\/\/kronsafety.com\/shop\/produkt\/personenwinde-benzin-harken-power-seat-gas\/","title":{"rendered":"Personenwinde (Benzin) HARKEN POWER SEAT GAS"},"content":{"rendered":"<p>Die zertifizierte Personenwinde f\u00fcr Rettung und Arbeit, f\u00fcr vertikales Outdoor Gel\u00e4nde und Seeh\u00f6hen bis 4500 m, ist f\u00fcr ein breites Einsatzspektrum konzipiert. Der Power Seat\u2122 Gas ist mit einem bew\u00e4hrten 4-Takt Honda Motor ausgestattet und garantiert durch sein durchdachtes Produktdesign eine sichere Handhabung mit Arbeitsseilen nach EN 1891. Der robuste Edelstahl-Rahmen sch\u00fctzt die Winde bei rauen Arbeitsbedingungen im Fels, der komfortable Sitz und die schlanke Bauweise garantieren absolute Bewegungsfreiheit an unangenehmen Passagen. Die spezielle Winde erm\u00f6glicht das Auf- und Abfahren am Seil ohne Seilumbau. Die Abseilfunktion mit Selftailer sorgt f\u00fcr eine sichere Handhabung beim Ablassen von Lasten oder beim Abfahren am Seil. Wird der Ablass-Hebel losgelassen stoppt die Winde selbst\u00e4ndig. 50 Jahre Erfahrung von HARKEN b\u00fcrgen f\u00fcr maximale Seilschonung an der robusten Winch. Verwendet werden ausschlie\u00dflich verschlei\u00dffeste hochwertigste Materialen die eine lange Lebensdauer bei hartem Einsatz gew\u00e4hren.<\/p>\n","protected":false},"excerpt":{"rendered":"<p>https:\/\/youtu.be\/fNgJc1rGTs4<\/p>\n","protected":false},"featured_media":1203,"template":"","meta":[],"product_cat":[426,428],"product_tag":[],"_links":{"self":[{"href":"https:\/\/kronsafety.com\/shop\/wp-json\/wp\/v2\/product\/1196"}],"collection":[{"href":"https:\/\/kronsafety.com\/shop\/wp-json\/wp\/v2\/product"}],"about":[{"href":"https:\/\/kronsafety.com\/shop\/wp-json\/wp\/v2\/types\/product"}],"wp:featuredmedia":[{"embeddable":true,"href":"https:\/\/kronsafety.com\/shop\/wp-json\/wp\/v2\/media\/1203"}],"wp:attachment":[{"href":"https:\/\/kronsafety.com\/shop\/wp-json\/wp\/v2\/media?parent=1196"}],"wp:term":[{"taxonomy":"product_cat","embeddable":true,"href":"https:\/\/kronsafety.com\/shop\/wp-json\/wp\/v2\/product_cat?post=1196"},{"taxonomy":"product_tag","embeddable":true,"href":"https:\/\/kronsafety.com\/shop\/wp-json\/wp\/v2\/product_tag?post=1196"}],"curies":[{"name":"wp","href":"https:\/\/api.w.org\/{rel}","templated":true}]}}