{"id":1199,"date":"2020-04-16T07:29:56","date_gmt":"2020-04-16T05:29:56","guid":{"rendered":"http:\/\/kronsafety.com\/shop\/?post_type=product&#038;p=1199"},"modified":"2020-04-20T16:55:08","modified_gmt":"2020-04-20T14:55:08","slug":"personenwinde-akku-harken-power-seat-battery","status":"publish","type":"product","link":"https:\/\/kronsafety.com\/shop\/produkt\/personenwinde-akku-harken-power-seat-battery\/","title":{"rendered":"Personenwinde (Akku) HARKEN POWER SEAT BATTERY"},"content":{"rendered":"<p>Die Harken Industrial Battery PowerSeat er\u00f6ffnet neue M\u00f6glichkeiten in der geschlossenen und begrenzten Raumseilzufahrt und-rettung.<br \/>\nDer Battery PowerSeat liefert eine leistungsstarke Hubkraft von 300 kg mit kontrollierter Empfindlichkeit, f\u00fcr pr\u00e4zise Man\u00f6ver.<br \/>\nDer Battery PowerSeat arbeitet komfortabel sowohl im Innenbereich als auch im Au\u00dfenbereich. Es bietet ein Ma\u00df an Sicherheit und Komfort f\u00fcr den Bediener, das die Produktivit\u00e4t und Effizienz direkt erh\u00f6ht.<\/p>\n","protected":false},"excerpt":{"rendered":"<p>https:\/\/youtu.be\/fNgJc1rGTs4<\/p>\n","protected":false},"featured_media":1204,"template":"","meta":[],"product_cat":[426,429,430],"product_tag":[],"_links":{"self":[{"href":"https:\/\/kronsafety.com\/shop\/wp-json\/wp\/v2\/product\/1199"}],"collection":[{"href":"https:\/\/kronsafety.com\/shop\/wp-json\/wp\/v2\/product"}],"about":[{"href":"https:\/\/kronsafety.com\/shop\/wp-json\/wp\/v2\/types\/product"}],"wp:featuredmedia":[{"embeddable":true,"href":"https:\/\/kronsafety.com\/shop\/wp-json\/wp\/v2\/media\/1204"}],"wp:attachment":[{"href":"https:\/\/kronsafety.com\/shop\/wp-json\/wp\/v2\/media?parent=1199"}],"wp:term":[{"taxonomy":"product_cat","embeddable":true,"href":"https:\/\/kronsafety.com\/shop\/wp-json\/wp\/v2\/product_cat?post=1199"},{"taxonomy":"product_tag","embeddable":true,"href":"https:\/\/kronsafety.com\/shop\/wp-json\/wp\/v2\/product_tag?post=1199"}],"curies":[{"name":"wp","href":"https:\/\/api.w.org\/{rel}","templated":true}]}}