{"id":1224,"date":"2020-04-16T08:37:39","date_gmt":"2020-04-16T06:37:39","guid":{"rendered":"http:\/\/kronsafety.com\/shop\/?post_type=product&#038;p=1224"},"modified":"2020-04-16T08:42:56","modified_gmt":"2020-04-16T06:42:56","slug":"ortles-winch","status":"publish","type":"product","link":"https:\/\/kronsafety.com\/shop\/produkt\/ortles-winch\/","title":{"rendered":"ORTLES WINCH"},"content":{"rendered":"<p>Die revolution\u00e4re Winde ORTLES geh\u00f6rt inzwischen in Europa zur Standardausr\u00fcstung, sie erm\u00f6glicht Auf- und Abseilman\u00f6ver bei Rettungseins\u00e4tzen.<br \/>\nWinde mit zwei Hub-Geschwindigkeiten mit Self Tailing dank zwei Kurbeln.<br \/>\nHub-Geschwindigkeit kann umgestellt werden, ohne den Einsatz zu unterbrechen.<br \/>\nLeicht und kompakt, einfach abzubauen und in der entsprechenden Tasche zu transportieren.<br \/>\nDie Winde kann schnell und problemlos mit zwei Stiften mit dem Auslegearm STELVIO kombiniert werden.<br \/>\nORTLES kann mit verknoteten Seilen verwendet werden.<br \/>\nHochwertiges Produkt aus Italien!<\/p>\n","protected":false},"excerpt":{"rendered":"<p>Die revolution\u00e4re Winde ORTLES geh\u00f6rt inzwischen in Europa zur Standardausr\u00fcstung, sie erm\u00f6glicht Auf- und Abseilman\u00f6ver bei Rettungseins\u00e4tzen. Winde mit zwei Hub-Geschwindigkeiten mit Self Tailing dank zwei Kurbeln. Hub-Geschwindigkeit kann umgestellt werden, ohne den Einsatz zu unterbrechen. Leicht und kompakt, einfach abzubauen und in der entsprechenden Tasche zu transportieren. Die Winde kann schnell und problemlos mit [&hellip;]<\/p>\n","protected":false},"featured_media":1225,"template":"","meta":[],"product_cat":[426,432],"product_tag":[],"_links":{"self":[{"href":"https:\/\/kronsafety.com\/shop\/wp-json\/wp\/v2\/product\/1224"}],"collection":[{"href":"https:\/\/kronsafety.com\/shop\/wp-json\/wp\/v2\/product"}],"about":[{"href":"https:\/\/kronsafety.com\/shop\/wp-json\/wp\/v2\/types\/product"}],"wp:featuredmedia":[{"embeddable":true,"href":"https:\/\/kronsafety.com\/shop\/wp-json\/wp\/v2\/media\/1225"}],"wp:attachment":[{"href":"https:\/\/kronsafety.com\/shop\/wp-json\/wp\/v2\/media?parent=1224"}],"wp:term":[{"taxonomy":"product_cat","embeddable":true,"href":"https:\/\/kronsafety.com\/shop\/wp-json\/wp\/v2\/product_cat?post=1224"},{"taxonomy":"product_tag","embeddable":true,"href":"https:\/\/kronsafety.com\/shop\/wp-json\/wp\/v2\/product_tag?post=1224"}],"curies":[{"name":"wp","href":"https:\/\/api.w.org\/{rel}","templated":true}]}}