{"id":1226,"date":"2020-04-16T08:38:29","date_gmt":"2020-04-16T06:38:29","guid":{"rendered":"http:\/\/kronsafety.com\/shop\/?post_type=product&#038;p=1226"},"modified":"2024-05-14T09:04:35","modified_gmt":"2024-05-14T07:04:35","slug":"plate-for-trucks","status":"publish","type":"product","link":"https:\/\/kronsafety.com\/shop\/produkt\/plate-for-trucks\/","title":{"rendered":"PLATE FOR TRUCKS"},"content":{"rendered":"<p>Spezielle Platte f\u00fcr die Verankerung des Bergungsmasts Stelvio mittels der R\u00e4der des eigenen Kraftfahrzeug.<br \/>\nDie Mastbasis an der Platte befestigen und diese mit den entsprechenden mitgelieferten Splints blockieren. Nun ist es ausreichend, mit einem Rad (am besten das am meisten belastete)auf den freien Teil der Platte zu fahren, um w\u00e4hrend der Abseil- und Bergungsman\u00f6ver mit dem Masten in Kombination mit der Winde Mod. Ortles eine angemessene Stabilit\u00e4t zu erhalten. Immer sicherstellen, dass die Handbremse des Fahrzeugs angezogen ist. Mit Bohrungen f\u00fcr Karabiner ausgestattet, funktioniert auch mit Zwillingsr\u00e4dern. Es sollte eine obere Verstrebung des Masten mit Halterung am Boden ausgef\u00fchrt werden (Eine Verstrebung am Fahrzeug darf nur erfolgen, wenn dieses ein f\u00fcr die zu bewegende Last ausreichendes Gewicht aufweist).<\/p>\n","protected":false},"excerpt":{"rendered":"<p>Spezielle Platte f\u00fcr die Verankerung des Bergungsmasts Stelvio mittels der R\u00e4der des eigenen Kraftfahrzeug. Die Mastbasis an der Platte befestigen und diese mit den entsprechenden mitgelieferten Splints blockieren. Nun ist es ausreichend, mit einem Rad (am besten das am meisten belastete)auf den freien Teil der Platte zu fahren, um w\u00e4hrend der Abseil- und Bergungsman\u00f6ver mit [&hellip;]<\/p>\n","protected":false},"featured_media":1227,"template":"","meta":[],"product_cat":[293],"product_tag":[],"_links":{"self":[{"href":"https:\/\/kronsafety.com\/shop\/wp-json\/wp\/v2\/product\/1226"}],"collection":[{"href":"https:\/\/kronsafety.com\/shop\/wp-json\/wp\/v2\/product"}],"about":[{"href":"https:\/\/kronsafety.com\/shop\/wp-json\/wp\/v2\/types\/product"}],"wp:featuredmedia":[{"embeddable":true,"href":"https:\/\/kronsafety.com\/shop\/wp-json\/wp\/v2\/media\/1227"}],"wp:attachment":[{"href":"https:\/\/kronsafety.com\/shop\/wp-json\/wp\/v2\/media?parent=1226"}],"wp:term":[{"taxonomy":"product_cat","embeddable":true,"href":"https:\/\/kronsafety.com\/shop\/wp-json\/wp\/v2\/product_cat?post=1226"},{"taxonomy":"product_tag","embeddable":true,"href":"https:\/\/kronsafety.com\/shop\/wp-json\/wp\/v2\/product_tag?post=1226"}],"curies":[{"name":"wp","href":"https:\/\/api.w.org\/{rel}","templated":true}]}}