{"id":1240,"date":"2020-04-16T09:35:15","date_gmt":"2020-04-16T07:35:15","guid":{"rendered":"http:\/\/kronsafety.com\/shop\/?post_type=product&#038;p=1240"},"modified":"2020-04-16T09:36:00","modified_gmt":"2020-04-16T07:36:00","slug":"bremselement-offen-fuer-id","status":"publish","type":"product","link":"https:\/\/kronsafety.com\/shop\/produkt\/bremselement-offen-fuer-id\/","title":{"rendered":"Bremselement offen f\u00fcr I&#8217;D"},"content":{"rendered":"<p>Zus\u00e4tzliches offenes Bremselement f\u00fcr die selbstbremsenden Abseilger\u00e4te I&#8217;D S, I&#8217;D L und I&#8217;D EVAC<\/p>\n<p>Das zus\u00e4tzliche offene Bremselement ist f\u00fcr die selbstbremsenden Abseilger\u00e4te I&#8217;D konzipiert. Mit ihm l\u00e4sst sich die Bremsreibung entsprechend der Last und dem Seildurchmesser erh\u00f6hen und das Seil kann jederzeit eingelegt oder herausgenommen werden<\/p>\n","protected":false},"excerpt":{"rendered":"<p>Zus\u00e4tzliches offenes Bremselement f\u00fcr die selbstbremsenden Abseilger\u00e4te I&#8217;D S, I&#8217;D L und I&#8217;D EVAC Das zus\u00e4tzliche offene Bremselement ist f\u00fcr die selbstbremsenden Abseilger\u00e4te I&#8217;D konzipiert. Mit ihm l\u00e4sst sich die Bremsreibung entsprechend der Last und dem Seildurchmesser erh\u00f6hen und das Seil kann jederzeit eingelegt oder herausgenommen werden<\/p>\n","protected":false},"featured_media":1241,"template":"","meta":[],"product_cat":[191,192,433],"product_tag":[],"_links":{"self":[{"href":"https:\/\/kronsafety.com\/shop\/wp-json\/wp\/v2\/product\/1240"}],"collection":[{"href":"https:\/\/kronsafety.com\/shop\/wp-json\/wp\/v2\/product"}],"about":[{"href":"https:\/\/kronsafety.com\/shop\/wp-json\/wp\/v2\/types\/product"}],"wp:featuredmedia":[{"embeddable":true,"href":"https:\/\/kronsafety.com\/shop\/wp-json\/wp\/v2\/media\/1241"}],"wp:attachment":[{"href":"https:\/\/kronsafety.com\/shop\/wp-json\/wp\/v2\/media?parent=1240"}],"wp:term":[{"taxonomy":"product_cat","embeddable":true,"href":"https:\/\/kronsafety.com\/shop\/wp-json\/wp\/v2\/product_cat?post=1240"},{"taxonomy":"product_tag","embeddable":true,"href":"https:\/\/kronsafety.com\/shop\/wp-json\/wp\/v2\/product_tag?post=1240"}],"curies":[{"name":"wp","href":"https:\/\/api.w.org\/{rel}","templated":true}]}}