{"id":1257,"date":"2020-04-16T12:15:18","date_gmt":"2020-04-16T10:15:18","guid":{"rendered":"http:\/\/kronsafety.com\/shop\/?post_type=product&#038;p=1257"},"modified":"2020-04-16T12:17:49","modified_gmt":"2020-04-16T10:17:49","slug":"abseilgeraet-mit-umlenkrolle-maestro-s","status":"publish","type":"product","link":"https:\/\/kronsafety.com\/shop\/produkt\/abseilgeraet-mit-umlenkrolle-maestro-s\/","title":{"rendered":"Abseilger\u00e4t mit Umlenkrolle MAESTRO S"},"content":{"rendered":"<p>Das MAESTRO S ist ein f\u00fcr technische Rettungseins\u00e4tze konzipiertes Abseilger\u00e4t. Es erleichtert das Handling von schweren Lasten sowohl beim Ablassen als auch beim Hochziehen und kann als erstes Sicherungssystem oder zur redundanten Sicherung eingesetzt werden. Die unterschiedlichen Verwendungsm\u00f6glichkeiten gestatten es den Rettungskr\u00e4ften, sich auf alle Konfigurationen am Einsatzort einzustellen. Der ergonomisch geformte Hebel und die integrierte Bremse erm\u00f6glichen eine komfortable Steuerung des Abseilvorgangs. Der \u00dcbergang von der Position &#8222;Ablassen&#8220; in die Position &#8222;Heben&#8220; erfolgt unmittelbar, ohne die Last verlagern zu m\u00fcssen. Die integrierte Umlenkrolle mit R\u00fccklaufsperre verf\u00fcgt \u00fcber eine gro\u00dfe Laufrolle mit gekapseltem Kugellager und gew\u00e4hrleistet einen ausgezeichneten Wirkungsgrad beim Heben von Lasten. Das AUTO-LOCK-System blockiert das Seil automatisch, wenn der Hebel nicht benutzt wird. Nach der Blockierung kann ohne Bet\u00e4tigung des Hebels Seil eingezogen werden. Das MAESTRO S-Abseilger\u00e4t ist f\u00fcr Seile mit einem Durchmesser von 10,5 bis 11,5 mm geeignet und erm\u00f6glicht das Handling von Lasten bis zu 250 kg.<\/p>\n","protected":false},"excerpt":{"rendered":"<p>Das MAESTRO S ist ein f\u00fcr technische Rettungseins\u00e4tze konzipiertes Abseilger\u00e4t. Es erleichtert das Handling von schweren Lasten sowohl beim Ablassen als auch beim Hochziehen und kann als erstes Sicherungssystem oder zur redundanten Sicherung eingesetzt werden. Die unterschiedlichen Verwendungsm\u00f6glichkeiten gestatten es den Rettungskr\u00e4ften, sich auf alle Konfigurationen am Einsatzort einzustellen. Der ergonomisch geformte Hebel und die [&hellip;]<\/p>\n","protected":false},"featured_media":1258,"template":"","meta":[],"product_cat":[191,434],"product_tag":[],"_links":{"self":[{"href":"https:\/\/kronsafety.com\/shop\/wp-json\/wp\/v2\/product\/1257"}],"collection":[{"href":"https:\/\/kronsafety.com\/shop\/wp-json\/wp\/v2\/product"}],"about":[{"href":"https:\/\/kronsafety.com\/shop\/wp-json\/wp\/v2\/types\/product"}],"wp:featuredmedia":[{"embeddable":true,"href":"https:\/\/kronsafety.com\/shop\/wp-json\/wp\/v2\/media\/1258"}],"wp:attachment":[{"href":"https:\/\/kronsafety.com\/shop\/wp-json\/wp\/v2\/media?parent=1257"}],"wp:term":[{"taxonomy":"product_cat","embeddable":true,"href":"https:\/\/kronsafety.com\/shop\/wp-json\/wp\/v2\/product_cat?post=1257"},{"taxonomy":"product_tag","embeddable":true,"href":"https:\/\/kronsafety.com\/shop\/wp-json\/wp\/v2\/product_tag?post=1257"}],"curies":[{"name":"wp","href":"https:\/\/api.w.org\/{rel}","templated":true}]}}