{"id":1271,"date":"2020-04-16T12:35:53","date_gmt":"2020-04-16T10:35:53","guid":{"rendered":"http:\/\/kronsafety.com\/shop\/?post_type=product&#038;p=1271"},"modified":"2020-04-16T12:35:53","modified_gmt":"2020-04-16T10:35:53","slug":"abseilgeraet-clutch","status":"publish","type":"product","link":"https:\/\/kronsafety.com\/shop\/produkt\/abseilgeraet-clutch\/","title":{"rendered":"Abseilger\u00e4t CLUTCH"},"content":{"rendered":"<p>Die vielseitige CLUTCH ist eine tragbare Vorrichtung zum Heben, kontrollierten Absenken, f\u00fcr ruckloses Abseilen und leichtes Aufsteigen sowie f\u00fcr zuverl\u00e4ssiges Fixieren des Seils. Sie ersetzt nicht nur die Bestandteile eines herk\u00f6mmlichen Aufstiegs-\/Abseilsystems, sondern dient auch als pers\u00f6nliches Abseilger\u00e4t mit der effizientesten Aufstiegsfunktion aller Produkte in ihrer Klasse. Die CLUTCH erm\u00f6glicht mehr Seilarbeiten mit einer einzigen Vorrichtung, als jede andere von uns bewertete Vorrichtung.<\/p>\n","protected":false},"excerpt":{"rendered":"<p>Die vielseitige CLUTCH ist eine tragbare Vorrichtung zum Heben, kontrollierten Absenken, f\u00fcr ruckloses Abseilen und leichtes Aufsteigen sowie f\u00fcr zuverl\u00e4ssiges Fixieren des Seils. Sie ersetzt nicht nur die Bestandteile eines herk\u00f6mmlichen Aufstiegs-\/Abseilsystems, sondern dient auch als pers\u00f6nliches Abseilger\u00e4t mit der effizientesten Aufstiegsfunktion aller Produkte in ihrer Klasse. Die CLUTCH erm\u00f6glicht mehr Seilarbeiten mit einer einzigen [&hellip;]<\/p>\n","protected":false},"featured_media":1272,"template":"","meta":[],"product_cat":[191,192],"product_tag":[],"_links":{"self":[{"href":"https:\/\/kronsafety.com\/shop\/wp-json\/wp\/v2\/product\/1271"}],"collection":[{"href":"https:\/\/kronsafety.com\/shop\/wp-json\/wp\/v2\/product"}],"about":[{"href":"https:\/\/kronsafety.com\/shop\/wp-json\/wp\/v2\/types\/product"}],"wp:featuredmedia":[{"embeddable":true,"href":"https:\/\/kronsafety.com\/shop\/wp-json\/wp\/v2\/media\/1272"}],"wp:attachment":[{"href":"https:\/\/kronsafety.com\/shop\/wp-json\/wp\/v2\/media?parent=1271"}],"wp:term":[{"taxonomy":"product_cat","embeddable":true,"href":"https:\/\/kronsafety.com\/shop\/wp-json\/wp\/v2\/product_cat?post=1271"},{"taxonomy":"product_tag","embeddable":true,"href":"https:\/\/kronsafety.com\/shop\/wp-json\/wp\/v2\/product_tag?post=1271"}],"curies":[{"name":"wp","href":"https:\/\/api.w.org\/{rel}","templated":true}]}}