{"id":1273,"date":"2020-04-16T12:43:34","date_gmt":"2020-04-16T10:43:34","guid":{"rendered":"http:\/\/kronsafety.com\/shop\/?post_type=product&#038;p=1273"},"modified":"2020-04-16T12:49:01","modified_gmt":"2020-04-16T10:49:01","slug":"positionierungsbuegel-captiv-fuer-karabiner","status":"publish","type":"product","link":"https:\/\/kronsafety.com\/shop\/produkt\/positionierungsbuegel-captiv-fuer-karabiner\/","title":{"rendered":"Positionierungsb\u00fcgel CAPTIV f\u00fcr Karabiner"},"content":{"rendered":"<p>Der CAPTIV-Positionierungsb\u00fcgel favorisiert die Belastung des Karabiners in der L\u00e4ngsachse, verhindert ein Verdrehen des Karabiners und sorgt daf\u00fcr, dass Karabiner und Ger\u00e4t oder Verbindungsmittel eine feste Einheit bilden. Der CAPTIV-Positionierungsb\u00fcgel ist mit den Karabinern OK, Am&#8217;D, WILLIAM, OXAN, Bm&#8217;D und dem ROLLCLIP A-Karabiner mit Seilrolle kompatibel.<\/p>\n","protected":false},"excerpt":{"rendered":"<p>Der CAPTIV-Positionierungsb\u00fcgel favorisiert die Belastung des Karabiners in der L\u00e4ngsachse, verhindert ein Verdrehen des Karabiners und sorgt daf\u00fcr, dass Karabiner und Ger\u00e4t oder Verbindungsmittel eine feste Einheit bilden. Der CAPTIV-Positionierungsb\u00fcgel ist mit den Karabinern OK, Am&#8217;D, WILLIAM, OXAN, Bm&#8217;D und dem ROLLCLIP A-Karabiner mit Seilrolle kompatibel.<\/p>\n","protected":false},"featured_media":1274,"template":"","meta":[],"product_cat":[172,435],"product_tag":[],"_links":{"self":[{"href":"https:\/\/kronsafety.com\/shop\/wp-json\/wp\/v2\/product\/1273"}],"collection":[{"href":"https:\/\/kronsafety.com\/shop\/wp-json\/wp\/v2\/product"}],"about":[{"href":"https:\/\/kronsafety.com\/shop\/wp-json\/wp\/v2\/types\/product"}],"wp:featuredmedia":[{"embeddable":true,"href":"https:\/\/kronsafety.com\/shop\/wp-json\/wp\/v2\/media\/1274"}],"wp:attachment":[{"href":"https:\/\/kronsafety.com\/shop\/wp-json\/wp\/v2\/media?parent=1273"}],"wp:term":[{"taxonomy":"product_cat","embeddable":true,"href":"https:\/\/kronsafety.com\/shop\/wp-json\/wp\/v2\/product_cat?post=1273"},{"taxonomy":"product_tag","embeddable":true,"href":"https:\/\/kronsafety.com\/shop\/wp-json\/wp\/v2\/product_tag?post=1273"}],"curies":[{"name":"wp","href":"https:\/\/api.w.org\/{rel}","templated":true}]}}