{"id":1277,"date":"2020-04-16T12:48:09","date_gmt":"2020-04-16T10:48:09","guid":{"rendered":"http:\/\/kronsafety.com\/shop\/?post_type=product&#038;p=1277"},"modified":"2020-04-16T12:48:09","modified_gmt":"2020-04-16T10:48:09","slug":"karabiner-ok-triact-lock","status":"publish","type":"product","link":"https:\/\/kronsafety.com\/shop\/produkt\/karabiner-ok-triact-lock\/","title":{"rendered":"Karabiner OK TRIACT-LOCK"},"content":{"rendered":"<p>Der leichte OK-Karabiner ist aus Aluminium gefertigt. Seine ovale Form erm\u00f6glicht es, Ger\u00e4te wie Seilrollen, Seilklemmen und mitlaufende Auffangger\u00e4te optimal zu positionieren. Die kantenfreie Oberfl\u00e4che an der Innenseite und das Keylock-System erleichtern das Ein- und Aush\u00e4ngen. Er ist mit drei Verriegelungssystemen verf\u00fcgbar: mit den automatischen Systemen TRIACT-LOCK und BALL-LOCK und mit dem manuellen SCREW-LOCK-System. Der OK kann mit dem CAPTIV-Positionierungsb\u00fcgel kombiniert werden, um die Belastung des Karabiners in der L\u00e4ngsachse zu favorisieren, ein Verdrehen zu verhindern und zu gew\u00e4hrleisten, dass er eine feste Einheit mit dem Ger\u00e4t bildet.<br \/>\nEN362<\/p>\n","protected":false},"excerpt":{"rendered":"<p>Der leichte OK-Karabiner ist aus Aluminium gefertigt. Seine ovale Form erm\u00f6glicht es, Ger\u00e4te wie Seilrollen, Seilklemmen und mitlaufende Auffangger\u00e4te optimal zu positionieren. Die kantenfreie Oberfl\u00e4che an der Innenseite und das Keylock-System erleichtern das Ein- und Aush\u00e4ngen. Er ist mit drei Verriegelungssystemen verf\u00fcgbar: mit den automatischen Systemen TRIACT-LOCK und BALL-LOCK und mit dem manuellen SCREW-LOCK-System. Der [&hellip;]<\/p>\n","protected":false},"featured_media":1278,"template":"","meta":[],"product_cat":[172],"product_tag":[],"_links":{"self":[{"href":"https:\/\/kronsafety.com\/shop\/wp-json\/wp\/v2\/product\/1277"}],"collection":[{"href":"https:\/\/kronsafety.com\/shop\/wp-json\/wp\/v2\/product"}],"about":[{"href":"https:\/\/kronsafety.com\/shop\/wp-json\/wp\/v2\/types\/product"}],"wp:featuredmedia":[{"embeddable":true,"href":"https:\/\/kronsafety.com\/shop\/wp-json\/wp\/v2\/media\/1278"}],"wp:attachment":[{"href":"https:\/\/kronsafety.com\/shop\/wp-json\/wp\/v2\/media?parent=1277"}],"wp:term":[{"taxonomy":"product_cat","embeddable":true,"href":"https:\/\/kronsafety.com\/shop\/wp-json\/wp\/v2\/product_cat?post=1277"},{"taxonomy":"product_tag","embeddable":true,"href":"https:\/\/kronsafety.com\/shop\/wp-json\/wp\/v2\/product_tag?post=1277"}],"curies":[{"name":"wp","href":"https:\/\/api.w.org\/{rel}","templated":true}]}}