{"id":1294,"date":"2020-04-17T07:57:59","date_gmt":"2020-04-17T05:57:59","guid":{"rendered":"http:\/\/kronsafety.com\/shop\/?post_type=product&#038;p=1294"},"modified":"2020-04-17T07:57:59","modified_gmt":"2020-04-17T05:57:59","slug":"anschlagpunkt-fuer-ziegel-mark-gekko-vario","status":"publish","type":"product","link":"https:\/\/kronsafety.com\/shop\/produkt\/anschlagpunkt-fuer-ziegel-mark-gekko-vario\/","title":{"rendered":"Anschlagpunkt f\u00fcr Ziegel MARK GEKKO VARIO"},"content":{"rendered":"<p>Durch die klappbare Schnalle ist der Gekko flach und platzsparend, aber trotzdem schnell einsatzbereit: Schnalle antippen, Karabiner einh\u00e4ngen. Au\u00dferdem nimmt die Schnalle im Falle eines Sturzes Energie auf und dient als Sturzindikator. Geeignet f\u00fcr den Innen- und Au\u00dfenbereich, korrosionsbest\u00e4ndig.<br \/>\nInkl. 2 Stk. Schrauben je nach<br \/>\nUntergrund:<br \/>\n40 mm Metall<br \/>\n100 mm Beton<br \/>\n160 mm Ziegel<br \/>\nEN795<\/p>\n","protected":false},"excerpt":{"rendered":"<p>Durch die klappbare Schnalle ist der Gekko flach und platzsparend, aber trotzdem schnell einsatzbereit: Schnalle antippen, Karabiner einh\u00e4ngen. Au\u00dferdem nimmt die Schnalle im Falle eines Sturzes Energie auf und dient als Sturzindikator. Geeignet f\u00fcr den Innen- und Au\u00dfenbereich, korrosionsbest\u00e4ndig. Inkl. 2 Stk. Schrauben je nach Untergrund: 40 mm Metall 100 mm Beton 160 mm Ziegel [&hellip;]<\/p>\n","protected":false},"featured_media":1295,"template":"","meta":[],"product_cat":[292,351],"product_tag":[],"_links":{"self":[{"href":"https:\/\/kronsafety.com\/shop\/wp-json\/wp\/v2\/product\/1294"}],"collection":[{"href":"https:\/\/kronsafety.com\/shop\/wp-json\/wp\/v2\/product"}],"about":[{"href":"https:\/\/kronsafety.com\/shop\/wp-json\/wp\/v2\/types\/product"}],"wp:featuredmedia":[{"embeddable":true,"href":"https:\/\/kronsafety.com\/shop\/wp-json\/wp\/v2\/media\/1295"}],"wp:attachment":[{"href":"https:\/\/kronsafety.com\/shop\/wp-json\/wp\/v2\/media?parent=1294"}],"wp:term":[{"taxonomy":"product_cat","embeddable":true,"href":"https:\/\/kronsafety.com\/shop\/wp-json\/wp\/v2\/product_cat?post=1294"},{"taxonomy":"product_tag","embeddable":true,"href":"https:\/\/kronsafety.com\/shop\/wp-json\/wp\/v2\/product_tag?post=1294"}],"curies":[{"name":"wp","href":"https:\/\/api.w.org\/{rel}","templated":true}]}}