{"id":1304,"date":"2020-04-17T09:38:31","date_gmt":"2020-04-17T07:38:31","guid":{"rendered":"http:\/\/kronsafety.com\/shop\/?post_type=product&#038;p=1304"},"modified":"2020-04-17T09:41:33","modified_gmt":"2020-04-17T07:41:33","slug":"set-wurfbeutel-4-0","status":"publish","type":"product","link":"https:\/\/kronsafety.com\/shop\/produkt\/set-wurfbeutel-4-0\/","title":{"rendered":"Set Wurfbeutel 4.0"},"content":{"rendered":"<p>Trommel mit Hohltau und Wurfbeutel zum Einbau vom Cambiumschoner TREE FORK. F\u00fcr gr\u00f6\u00dfere Distanzen ist eine spezielle Schleuder erh\u00e4ltlich.<\/p>\n","protected":false},"excerpt":{"rendered":"<p>Trommel mit Hohltau und Wurfbeutel zum Einbau vom Cambiumschoner TREE FORK. F\u00fcr gr\u00f6\u00dfere Distanzen ist eine spezielle Schleuder erh\u00e4ltlich.<\/p>\n","protected":false},"featured_media":0,"template":"","meta":[],"product_cat":[293,443],"product_tag":[],"_links":{"self":[{"href":"https:\/\/kronsafety.com\/shop\/wp-json\/wp\/v2\/product\/1304"}],"collection":[{"href":"https:\/\/kronsafety.com\/shop\/wp-json\/wp\/v2\/product"}],"about":[{"href":"https:\/\/kronsafety.com\/shop\/wp-json\/wp\/v2\/types\/product"}],"wp:attachment":[{"href":"https:\/\/kronsafety.com\/shop\/wp-json\/wp\/v2\/media?parent=1304"}],"wp:term":[{"taxonomy":"product_cat","embeddable":true,"href":"https:\/\/kronsafety.com\/shop\/wp-json\/wp\/v2\/product_cat?post=1304"},{"taxonomy":"product_tag","embeddable":true,"href":"https:\/\/kronsafety.com\/shop\/wp-json\/wp\/v2\/product_tag?post=1304"}],"curies":[{"name":"wp","href":"https:\/\/api.w.org\/{rel}","templated":true}]}}