{"id":1317,"date":"2020-04-20T07:17:41","date_gmt":"2020-04-20T05:17:41","guid":{"rendered":"http:\/\/kronsafety.com\/shop\/?post_type=product&#038;p=1317"},"modified":"2020-04-20T16:20:14","modified_gmt":"2020-04-20T14:20:14","slug":"personenhebekran-phk-ii-e","status":"publish","type":"product","link":"https:\/\/kronsafety.com\/shop\/produkt\/personenhebekran-phk-ii-e\/","title":{"rendered":"Personenhebekran PHK II-E"},"content":{"rendered":"<p>Personenhebekran in Edelstahl V4A<br \/>\nZugelassen als Anschlagpunkt f\u00fcr Personen-Absturzsicherung gem\u00e4\u00df EN 795 sowie der Spezifikation TS 16415 und T\u00dcV Zertifizierung<br \/>\nHeben von Lasten bis 500 kg<br \/>\nH\u00f6henverstellbar, schwenkbar und zerlegbar<br \/>\nSichern von zwei Personen durch mehrere Anschlagpunkte m\u00f6glich<br \/>\nMobil einsetzbar<br \/>\nVielzahl an Lagerungen f\u00fcr praktisch jede Montageanforderung<\/p>\n","protected":false},"excerpt":{"rendered":"<p>Personenhebekran in Edelstahl V4A Zugelassen als Anschlagpunkt f\u00fcr Personen-Absturzsicherung gem\u00e4\u00df EN 795 sowie der Spezifikation TS 16415 und T\u00dcV Zertifizierung Heben von Lasten bis 500 kg H\u00f6henverstellbar, schwenkbar und zerlegbar Sichern von zwei Personen durch mehrere Anschlagpunkte m\u00f6glich Mobil einsetzbar Vielzahl an Lagerungen f\u00fcr praktisch jede Montageanforderung<\/p>\n","protected":false},"featured_media":1318,"template":"","meta":[],"product_cat":[292,293,441],"product_tag":[],"_links":{"self":[{"href":"https:\/\/kronsafety.com\/shop\/wp-json\/wp\/v2\/product\/1317"}],"collection":[{"href":"https:\/\/kronsafety.com\/shop\/wp-json\/wp\/v2\/product"}],"about":[{"href":"https:\/\/kronsafety.com\/shop\/wp-json\/wp\/v2\/types\/product"}],"wp:featuredmedia":[{"embeddable":true,"href":"https:\/\/kronsafety.com\/shop\/wp-json\/wp\/v2\/media\/1318"}],"wp:attachment":[{"href":"https:\/\/kronsafety.com\/shop\/wp-json\/wp\/v2\/media?parent=1317"}],"wp:term":[{"taxonomy":"product_cat","embeddable":true,"href":"https:\/\/kronsafety.com\/shop\/wp-json\/wp\/v2\/product_cat?post=1317"},{"taxonomy":"product_tag","embeddable":true,"href":"https:\/\/kronsafety.com\/shop\/wp-json\/wp\/v2\/product_tag?post=1317"}],"curies":[{"name":"wp","href":"https:\/\/api.w.org\/{rel}","templated":true}]}}