{"id":1322,"date":"2020-04-20T07:29:24","date_gmt":"2020-04-20T05:29:24","guid":{"rendered":"http:\/\/kronsafety.com\/shop\/?post_type=product&#038;p=1322"},"modified":"2020-04-21T09:13:31","modified_gmt":"2020-04-21T07:13:31","slug":"bergungsmast-4d-pole","status":"publish","type":"product","link":"https:\/\/kronsafety.com\/shop\/produkt\/bergungsmast-4d-pole\/","title":{"rendered":"Bergungsmast 4D POLE"},"content":{"rendered":"<p>4D POLE ist ein \u201eMono Mast&#8220; oder \u201eBaum&#8220;, der das Handling von Lasten oder Personen, sei es bei Arbeitseins\u00e4tzen oder in organisierten technischen Rettungsszenarien, au\u00dferordentlich praktisch und hilfreich ist.<br \/>\nDer Mast kann in mehrere Richtungen gleichzeitig befestigt werden. Somit erreicht KONG dass auch Seile unter Last einfach und bequem \u00fcber die eingeh\u00e4ngten Umlenkrollen gleiten und manipuliert werden k\u00f6nnen.<br \/>\nDer obere Teil besteht aus zwei DISCORIG-Riggingplatten die textilfreundlich gearbeitet sind. Man kann also direkt Seile, Schlingen, Lanyards oder \u00e4hnliche textile Verbindungsmittel in die DISCORIG Platten einbauen. Zusammen mit der M\u00f6glichkeit hier auch Karabinerhaken einzusetzen ergeben sich vielf\u00e4ltige M\u00f6glichkeiten zur Verwendung von Seil- und Umlenkrollen oder anderen Ger\u00e4tsch\u00e4ften.<br \/>\nEs kann auch eine Winch montiert werden, diese kann dann wahlweise mittels Handkurbel bzw. Akkuger\u00e4t, bewegt werden.<br \/>\nDurch den modularen Aufbau kann die L\u00e4nge (130\u00f7205 cm) einfach durch verschieben und arretieren der Verl\u00e4ngerungen des Mastes variiert werden.<br \/>\nMit wendbarer Bodenplatte, die mit ihren Krallen auf entsprechendem Untergrund eingesetzt werden kann, aber auch mit einer gummierten Seite f\u00fcr Oberfl\u00e4chen die eine entsprechende Struktur aufweisen. Durch die angebrachten Bohrungen kann die Bodenplatte auch noch zus\u00e4tzlich mit Erdn\u00e4geln oder Schrauben (z. B. auf Holz) verankert werden.<br \/>\nDer Mast nebst Zubeh\u00f6r kann einfach und schnell zerlegt werden und wird dann, zusammen mit der Tragetasche, zu einer kompakten Transporteinheit.<\/p>\n","protected":false},"excerpt":{"rendered":"<p>4D POLE ist ein \u201eMono Mast&#8220; oder \u201eBaum&#8220;, der das Handling von Lasten oder Personen, sei es bei Arbeitseins\u00e4tzen oder in organisierten technischen Rettungsszenarien, au\u00dferordentlich praktisch und hilfreich ist. Der Mast kann in mehrere Richtungen gleichzeitig befestigt werden. Somit erreicht KONG dass auch Seile unter Last einfach und bequem \u00fcber die eingeh\u00e4ngten Umlenkrollen gleiten und [&hellip;]<\/p>\n","protected":false},"featured_media":1323,"template":"","meta":[],"product_cat":[293,441],"product_tag":[],"_links":{"self":[{"href":"https:\/\/kronsafety.com\/shop\/wp-json\/wp\/v2\/product\/1322"}],"collection":[{"href":"https:\/\/kronsafety.com\/shop\/wp-json\/wp\/v2\/product"}],"about":[{"href":"https:\/\/kronsafety.com\/shop\/wp-json\/wp\/v2\/types\/product"}],"wp:featuredmedia":[{"embeddable":true,"href":"https:\/\/kronsafety.com\/shop\/wp-json\/wp\/v2\/media\/1323"}],"wp:attachment":[{"href":"https:\/\/kronsafety.com\/shop\/wp-json\/wp\/v2\/media?parent=1322"}],"wp:term":[{"taxonomy":"product_cat","embeddable":true,"href":"https:\/\/kronsafety.com\/shop\/wp-json\/wp\/v2\/product_cat?post=1322"},{"taxonomy":"product_tag","embeddable":true,"href":"https:\/\/kronsafety.com\/shop\/wp-json\/wp\/v2\/product_tag?post=1322"}],"curies":[{"name":"wp","href":"https:\/\/api.w.org\/{rel}","templated":true}]}}