{"id":1351,"date":"2020-04-20T08:01:21","date_gmt":"2020-04-20T06:01:21","guid":{"rendered":"http:\/\/kronsafety.com\/shop\/?post_type=product&#038;p=1351"},"modified":"2020-04-20T15:36:15","modified_gmt":"2020-04-20T13:36:15","slug":"hoehensicherungsgeraet-mit-rettungshub-18-mt-fuer-jackpod-tri-1","status":"publish","type":"product","link":"https:\/\/kronsafety.com\/shop\/produkt\/hoehensicherungsgeraet-mit-rettungshub-18-mt-fuer-jackpod-tri-1\/","title":{"rendered":"H\u00f6hensicherungsger\u00e4t mit Rettungshub 18 mt f\u00fcr JACKPOD TRI 1"},"content":{"rendered":"","protected":false},"excerpt":{"rendered":"","protected":false},"featured_media":0,"template":"","meta":[],"product_cat":[440],"product_tag":[],"_links":{"self":[{"href":"https:\/\/kronsafety.com\/shop\/wp-json\/wp\/v2\/product\/1351"}],"collection":[{"href":"https:\/\/kronsafety.com\/shop\/wp-json\/wp\/v2\/product"}],"about":[{"href":"https:\/\/kronsafety.com\/shop\/wp-json\/wp\/v2\/types\/product"}],"wp:attachment":[{"href":"https:\/\/kronsafety.com\/shop\/wp-json\/wp\/v2\/media?parent=1351"}],"wp:term":[{"taxonomy":"product_cat","embeddable":true,"href":"https:\/\/kronsafety.com\/shop\/wp-json\/wp\/v2\/product_cat?post=1351"},{"taxonomy":"product_tag","embeddable":true,"href":"https:\/\/kronsafety.com\/shop\/wp-json\/wp\/v2\/product_tag?post=1351"}],"curies":[{"name":"wp","href":"https:\/\/api.w.org\/{rel}","templated":true}]}}