{"id":1386,"date":"2020-04-20T13:03:18","date_gmt":"2020-04-20T11:03:18","guid":{"rendered":"http:\/\/kronsafety.com\/shop\/?post_type=product&#038;p=1386"},"modified":"2020-04-20T13:17:29","modified_gmt":"2020-04-20T11:17:29","slug":"connexion-vario-anchor-30-200-cm","status":"publish","type":"product","link":"https:\/\/kronsafety.com\/shop\/produkt\/connexion-vario-anchor-30-200-cm\/","title":{"rendered":"CONNEXION VARIO ANCHOR"},"content":{"rendered":"<p>Das CONNEXION VARIO ist ein robustes, l\u00e4ngenverstellbares Verbindungs- und Anschlagmittel mit zwei Verbindungs\u00f6sen aus geschmiedetem Stahl. Es bietet mehrere M\u00f6glichkeiten zum Installieren einer Anschlageinrichtung: direkt an einem Anschlagpunkt oder durch Umschlingen einer geeigneten Struktur. Es verf\u00fcgt \u00fcber eine Einstellschnalle zum Anpassen der L\u00e4nge. Das restliche Gurtband l\u00e4sst sich in dem hierf\u00fcr vorgesehenen System verstauen. Es ist in zwei L\u00e4ngen verf\u00fcgbar (30 bis 200 cm und 200 bis 400 cm).<\/p>\n","protected":false},"excerpt":{"rendered":"<p>Das CONNEXION VARIO ist ein robustes, l\u00e4ngenverstellbares Verbindungs- und Anschlagmittel mit zwei Verbindungs\u00f6sen aus geschmiedetem Stahl. Es bietet mehrere M\u00f6glichkeiten zum Installieren einer Anschlageinrichtung: direkt an einem Anschlagpunkt oder durch Umschlingen einer geeigneten Struktur. Es verf\u00fcgt \u00fcber eine Einstellschnalle zum Anpassen der L\u00e4nge. Das restliche Gurtband l\u00e4sst sich in dem hierf\u00fcr vorgesehenen System verstauen. Es [&hellip;]<\/p>\n","protected":false},"featured_media":1394,"template":"","meta":[],"product_cat":[438],"product_tag":[],"_links":{"self":[{"href":"https:\/\/kronsafety.com\/shop\/wp-json\/wp\/v2\/product\/1386"}],"collection":[{"href":"https:\/\/kronsafety.com\/shop\/wp-json\/wp\/v2\/product"}],"about":[{"href":"https:\/\/kronsafety.com\/shop\/wp-json\/wp\/v2\/types\/product"}],"wp:featuredmedia":[{"embeddable":true,"href":"https:\/\/kronsafety.com\/shop\/wp-json\/wp\/v2\/media\/1394"}],"wp:attachment":[{"href":"https:\/\/kronsafety.com\/shop\/wp-json\/wp\/v2\/media?parent=1386"}],"wp:term":[{"taxonomy":"product_cat","embeddable":true,"href":"https:\/\/kronsafety.com\/shop\/wp-json\/wp\/v2\/product_cat?post=1386"},{"taxonomy":"product_tag","embeddable":true,"href":"https:\/\/kronsafety.com\/shop\/wp-json\/wp\/v2\/product_tag?post=1386"}],"curies":[{"name":"wp","href":"https:\/\/api.w.org\/{rel}","templated":true}]}}