{"id":1395,"date":"2020-04-20T13:22:10","date_gmt":"2020-04-20T11:22:10","guid":{"rendered":"http:\/\/kronsafety.com\/shop\/?post_type=product&#038;p=1395"},"modified":"2020-04-20T16:47:58","modified_gmt":"2020-04-20T14:47:58","slug":"snakeanchor-anschlagpunkt-baum","status":"publish","type":"product","link":"https:\/\/kronsafety.com\/shop\/produkt\/snakeanchor-anschlagpunkt-baum\/","title":{"rendered":"SnakeAnchor Anschlagpunkt Baum"},"content":{"rendered":"<p>Vielseitig einsetzbares Anschlagmittel mit TunnelRing. 16 mm breites, parallel vern\u00e4htes Polyester-Seil mit Segmentn\u00e4hten, die eine stufenweise L\u00e4ngenverstellung erm\u00f6glichen und durch Aufrei\u00dfen der N\u00e4hte ab 5 kN auch fangsto\u00dfd\u00e4mpfend wirken. Als oberer und unterer Ankerpunkt einsetzbar.<br \/>\nDer SnakeAnchor im Profil:<br \/>\n\u2022 Gebrauchsmuster<br \/>\n\u2022 mobiler Ankerpunkt und Verbindungsmittel mit stufenweiser L\u00e4ngenverstellung<br \/>\n\u2022 zertifiziert nach EN 795 B<br \/>\n\u2022 TunnelRinge aus Konstruktal-Aluminium im Zerspanungsverfahren aus dem Vollen gefertigt<br \/>\n\u2022 einsetzbar als unterer oder oberer Ankerpunkt und als Verbindungsmittel<br \/>\n\u2022 stufenweise L\u00e4ngenverstellung (ca. 7 cm Schritte bei der 2,5 m Version, ca. 9 cm bei der 5 m Version)<br \/>\n\u2022 Sichern der Position bei w\u00fcrgender Einbauweise mittels Schnappkarabiner<br \/>\n\u2022 einsetzbar als verstellbarer Kambiumschoner mit Karabiner oder Rollen<br \/>\n\u2022 sehr gute Abriebfestigkeit mit breiter Auflage durch parallel vern\u00e4htes 8 mm Doppelstrang-Polyester-Seil<br \/>\n\u2022 sehr hohe Belastbarkeit und Schonung des Seilauges durch das ART TunnelRing Prinzip<br \/>\n\u2022 Erh\u00f6hung der Sicherheit und Zuglast durch gleichm\u00e4\u00dfige Verteilung der Last auf den gesamten TunnelRing<br \/>\n\u2022 statische Belastbarkeit der Segment-N\u00e4hte bis 4 kN und gleichzeitig fangsto\u00dfd\u00e4mpfende Eigenschaften der Segment-N\u00e4hte ab ca. 5 kN<br \/>\n\u2022 Gebrauchsdauer: 5 Jahre<br \/>\n\u2022 gepr\u00fcft mit: 22 kN\/3 min.<br \/>\n\u2022 Bruchlast: ca. 22,5 kN<br \/>\n\u2022 Gewicht: bei 250 cm ca. 350 g, bei 500 cm ca. 660 g<\/p>\n","protected":false},"excerpt":{"rendered":"<p>https:\/\/youtu.be\/ZG3QuDbcoss<\/p>\n","protected":false},"featured_media":1396,"template":"","meta":[],"product_cat":[438],"product_tag":[],"_links":{"self":[{"href":"https:\/\/kronsafety.com\/shop\/wp-json\/wp\/v2\/product\/1395"}],"collection":[{"href":"https:\/\/kronsafety.com\/shop\/wp-json\/wp\/v2\/product"}],"about":[{"href":"https:\/\/kronsafety.com\/shop\/wp-json\/wp\/v2\/types\/product"}],"wp:featuredmedia":[{"embeddable":true,"href":"https:\/\/kronsafety.com\/shop\/wp-json\/wp\/v2\/media\/1396"}],"wp:attachment":[{"href":"https:\/\/kronsafety.com\/shop\/wp-json\/wp\/v2\/media?parent=1395"}],"wp:term":[{"taxonomy":"product_cat","embeddable":true,"href":"https:\/\/kronsafety.com\/shop\/wp-json\/wp\/v2\/product_cat?post=1395"},{"taxonomy":"product_tag","embeddable":true,"href":"https:\/\/kronsafety.com\/shop\/wp-json\/wp\/v2\/product_tag?post=1395"}],"curies":[{"name":"wp","href":"https:\/\/api.w.org\/{rel}","templated":true}]}}