{"id":1399,"date":"2020-04-20T13:27:23","date_gmt":"2020-04-20T11:27:23","guid":{"rendered":"http:\/\/kronsafety.com\/shop\/?post_type=product&#038;p=1399"},"modified":"2020-04-20T13:27:23","modified_gmt":"2020-04-20T11:27:23","slug":"kambiumschoner-pulleysaver-25-mt","status":"publish","type":"product","link":"https:\/\/kronsafety.com\/shop\/produkt\/kambiumschoner-pulleysaver-25-mt\/","title":{"rendered":"Kambiumschoner PULLEYSAVER 2,5 mt."},"content":{"rendered":"<p>Der pulleySAVER \u00fcberzeugt mit folgenden Features:<br \/>\nKleine, leichte Pinto Rolle f\u00fcr einfaches Abziehen vom Boden<br \/>\nGro\u00dfe Pinto Rolle ist als Ersatzteil verf\u00fcgbar Sirius Loop f\u00fcr l\u00e4ngere Lebensdauer<br \/>\nDMM Abzieh-Kegel: Technisch und optisch optimiert; gewohnte DMM Qualit\u00e4t Zus\u00e4tzliche Anwendungsart durch OD Loop 7 mm mit Kausche und equaLIZA<br \/>\nDas Kletterseil bewegt sich gewohnt leicht auf der PINTO-Rolle, das federnde Auge zum einfachen Abziehen geht auch nach tausenden Zyklen in den Ausgangszustand zur\u00fcck.<br \/>\nDie Fixierung als Ankerpunkt kann je nach Anwendung auf sechs Arten am Baum angebracht werden: Im Doppelstrang als schwingendes Element, als W\u00fcrgeschlinge, im Doppelstrang umschlungen, im Doppelstrang verengt, im Doppelstrang unter Verwendung des Prusik Loop mit Kausche und als ausgleichender Anker unter Verwendung des equaLIZA.<br \/>\nDer Ocean Dyneema\u00ae Loop T, der Sirius 10mm Rinto Loop und der Retrieval Cone S sind f\u00fcr den pulleySAVER als Ersatzteil separat erh\u00e4ltlich. Weiters kann der pulleySAVER um den equaLIZA, den Sirius 10mm Pinto Rig Loop und dem Retrieval Cone L erweitert werden.<br \/>\nACHTUNG!<br \/>\nStellen Sie sicher, dass die Pintorolle und die Kausche auf der Prusikschlinge einander nicht ber\u00fchren sondern ein Abstand gewahrt bleibt insbesondere wenn auf demselben Level wie der Ankerpunkt geklettert wird. Andernfalls kann die Kausche in den Pulley gezogen werden und ihn besch\u00e4digen.<\/p>\n","protected":false},"excerpt":{"rendered":"<p>Der pulleySAVER \u00fcberzeugt mit folgenden Features: Kleine, leichte Pinto Rolle f\u00fcr einfaches Abziehen vom Boden Gro\u00dfe Pinto Rolle ist als Ersatzteil verf\u00fcgbar Sirius Loop f\u00fcr l\u00e4ngere Lebensdauer DMM Abzieh-Kegel: Technisch und optisch optimiert; gewohnte DMM Qualit\u00e4t Zus\u00e4tzliche Anwendungsart durch OD Loop 7 mm mit Kausche und equaLIZA Das Kletterseil bewegt sich gewohnt leicht auf der [&hellip;]<\/p>\n","protected":false},"featured_media":1400,"template":"","meta":[],"product_cat":[438],"product_tag":[],"_links":{"self":[{"href":"https:\/\/kronsafety.com\/shop\/wp-json\/wp\/v2\/product\/1399"}],"collection":[{"href":"https:\/\/kronsafety.com\/shop\/wp-json\/wp\/v2\/product"}],"about":[{"href":"https:\/\/kronsafety.com\/shop\/wp-json\/wp\/v2\/types\/product"}],"wp:featuredmedia":[{"embeddable":true,"href":"https:\/\/kronsafety.com\/shop\/wp-json\/wp\/v2\/media\/1400"}],"wp:attachment":[{"href":"https:\/\/kronsafety.com\/shop\/wp-json\/wp\/v2\/media?parent=1399"}],"wp:term":[{"taxonomy":"product_cat","embeddable":true,"href":"https:\/\/kronsafety.com\/shop\/wp-json\/wp\/v2\/product_cat?post=1399"},{"taxonomy":"product_tag","embeddable":true,"href":"https:\/\/kronsafety.com\/shop\/wp-json\/wp\/v2\/product_tag?post=1399"}],"curies":[{"name":"wp","href":"https:\/\/api.w.org\/{rel}","templated":true}]}}