{"id":1408,"date":"2020-04-20T14:01:57","date_gmt":"2020-04-20T12:01:57","guid":{"rendered":"http:\/\/kronsafety.com\/shop\/?post_type=product&#038;p=1408"},"modified":"2020-04-20T15:31:02","modified_gmt":"2020-04-20T13:31:02","slug":"mobiler-anschlagpunkt-fuer-baustellentaetigkeiten-en795a","status":"publish","type":"product","link":"https:\/\/kronsafety.com\/shop\/produkt\/mobiler-anschlagpunkt-fuer-baustellentaetigkeiten-en795a\/","title":{"rendered":"Mobiler Anschlagpunkt f\u00fcr Baustellent\u00e4tigkeiten"},"content":{"rendered":"<p>Das Absturzsicherungssystem erm\u00f6glicht die sichere Ausf\u00fchrung von Montagearbeiten an Holzplatten, Sicherheitsgel\u00e4ndern, Sicherheitsnetzen, Verschalungsbrettern und generell bei allen Arbeiten im Rahmen der Schalungsmontage, bei denen eine Absturzgefahr besteht.<br \/>\nDas System bietet eine einfache Montage und Verwendung; externes Montagepersonal wird nicht ben\u00f6tigt.<br \/>\nErm\u00f6glicht dem Anwender seine Arbeit gesichert auf einer Fl\u00e4che von 125 m2 und mit Bewegungsfreiheit innerhalb eines Radius von 6,5 m um den Pfeiler auszuf\u00fchren.<br \/>\n&#8211; Auf dem Kopf stehende L-f\u00f6rmige Struktur mit einer Auslegerl\u00e4nge von 2,5 m und einer H\u00f6he von 4,3 m (3,5 m nach Einsetzen in die H\u00fclse).<br \/>\n&#8211; Metallstruktur mit einem Gewicht von 80 kg, gefertigt aus hochwertigem Stahl (Elastizit\u00e4tsgrenze 42 &#8211; 46 kg\/mm2; Bruchgrenze 61 &#8211; 76 kg\/mm2).<br \/>\n&#8211; H\u00f6hensicherungsger\u00e4t mit maximal 2 m L\u00e4nge.<br \/>\n&#8211; Eingelassene konische Stahlh\u00fclse von 85 cm L\u00e4nge.<br \/>\n&#8211; Ein- und Umsetzen auch mit Kran m\u00f6glich<br \/>\nDas System ist f\u00fcr einen Abstand von maximal 8 m zwischen den S\u00e4ulen vorgesehen (bei diesem S\u00e4ulenabstand ist unbedingt der Greifhaken zu verwenden).<\/p>\n<p>EN795A<\/p>\n","protected":false},"excerpt":{"rendered":"<p>Das Absturzsicherungssystem erm\u00f6glicht die sichere Ausf\u00fchrung von Montagearbeiten an Holzplatten, Sicherheitsgel\u00e4ndern, Sicherheitsnetzen, Verschalungsbrettern und generell bei allen Arbeiten im Rahmen der Schalungsmontage, bei denen eine Absturzgefahr besteht. Das System bietet eine einfache Montage und Verwendung; externes Montagepersonal wird nicht ben\u00f6tigt. Erm\u00f6glicht dem Anwender seine Arbeit gesichert auf einer Fl\u00e4che von 125 m2 und mit Bewegungsfreiheit [&hellip;]<\/p>\n","protected":false},"featured_media":1409,"template":"","meta":[],"product_cat":[441],"product_tag":[],"_links":{"self":[{"href":"https:\/\/kronsafety.com\/shop\/wp-json\/wp\/v2\/product\/1408"}],"collection":[{"href":"https:\/\/kronsafety.com\/shop\/wp-json\/wp\/v2\/product"}],"about":[{"href":"https:\/\/kronsafety.com\/shop\/wp-json\/wp\/v2\/types\/product"}],"wp:featuredmedia":[{"embeddable":true,"href":"https:\/\/kronsafety.com\/shop\/wp-json\/wp\/v2\/media\/1409"}],"wp:attachment":[{"href":"https:\/\/kronsafety.com\/shop\/wp-json\/wp\/v2\/media?parent=1408"}],"wp:term":[{"taxonomy":"product_cat","embeddable":true,"href":"https:\/\/kronsafety.com\/shop\/wp-json\/wp\/v2\/product_cat?post=1408"},{"taxonomy":"product_tag","embeddable":true,"href":"https:\/\/kronsafety.com\/shop\/wp-json\/wp\/v2\/product_tag?post=1408"}],"curies":[{"name":"wp","href":"https:\/\/api.w.org\/{rel}","templated":true}]}}