{"id":1412,"date":"2020-04-20T14:08:40","date_gmt":"2020-04-20T12:08:40","guid":{"rendered":"http:\/\/kronsafety.com\/shop\/?post_type=product&#038;p=1412"},"modified":"2020-04-21T09:30:51","modified_gmt":"2020-04-21T07:30:51","slug":"tueranker-aus-stahl","status":"publish","type":"product","link":"https:\/\/kronsafety.com\/shop\/produkt\/tueranker-aus-stahl\/","title":{"rendered":"T\u00fcranker aus Stahl"},"content":{"rendered":"<p>Tragbarer T\u00fcranker f\u00fcr Fenster und T\u00fcren\u00f6ffnungen von 350 bis 1240mm Breite. Er ist mit zwei Befestigungsplatten ausgestattet und f\u00fcr 2 Personen zertifiziert.<br \/>\nGewicht: 6,9 kg<\/p>\n","protected":false},"excerpt":{"rendered":"<p>Tragbarer T\u00fcranker f\u00fcr Fenster und T\u00fcren\u00f6ffnungen von 350 bis 1240mm Breite. Er ist mit zwei Befestigungsplatten ausgestattet und f\u00fcr 2 Personen zertifiziert. Gewicht: 6,9 kg<\/p>\n","protected":false},"featured_media":1413,"template":"","meta":[],"product_cat":[441],"product_tag":[],"_links":{"self":[{"href":"https:\/\/kronsafety.com\/shop\/wp-json\/wp\/v2\/product\/1412"}],"collection":[{"href":"https:\/\/kronsafety.com\/shop\/wp-json\/wp\/v2\/product"}],"about":[{"href":"https:\/\/kronsafety.com\/shop\/wp-json\/wp\/v2\/types\/product"}],"wp:featuredmedia":[{"embeddable":true,"href":"https:\/\/kronsafety.com\/shop\/wp-json\/wp\/v2\/media\/1413"}],"wp:attachment":[{"href":"https:\/\/kronsafety.com\/shop\/wp-json\/wp\/v2\/media?parent=1412"}],"wp:term":[{"taxonomy":"product_cat","embeddable":true,"href":"https:\/\/kronsafety.com\/shop\/wp-json\/wp\/v2\/product_cat?post=1412"},{"taxonomy":"product_tag","embeddable":true,"href":"https:\/\/kronsafety.com\/shop\/wp-json\/wp\/v2\/product_tag?post=1412"}],"curies":[{"name":"wp","href":"https:\/\/api.w.org\/{rel}","templated":true}]}}