{"id":1442,"date":"2020-04-20T15:41:30","date_gmt":"2020-04-20T13:41:30","guid":{"rendered":"http:\/\/kronsafety.com\/shop\/?post_type=product&#038;p=1442"},"modified":"2020-04-20T15:44:27","modified_gmt":"2020-04-20T13:44:27","slug":"geraetekoffer-fuer-hoehensicherungsgeraet-hsrg","status":"publish","type":"product","link":"https:\/\/kronsafety.com\/shop\/produkt\/geraetekoffer-fuer-hoehensicherungsgeraet-hsrg\/","title":{"rendered":"Ger\u00e4tekoffer f\u00fcr H\u00f6hensicherungsger\u00e4t HSRG"},"content":{"rendered":"<p>Koffer aus Stahlblech f\u00fcr optimale Lagerung &amp; Transport des H\u00f6hensicherungsger\u00e4tes. Inkl. Koffereinlage aus PEL24.<\/p>\n","protected":false},"excerpt":{"rendered":"<p>Koffer aus Stahlblech f\u00fcr optimale Lagerung &amp; Transport des H\u00f6hensicherungsger\u00e4tes. Inkl. Koffereinlage aus PEL24.<\/p>\n","protected":false},"featured_media":1343,"template":"","meta":[],"product_cat":[440],"product_tag":[],"_links":{"self":[{"href":"https:\/\/kronsafety.com\/shop\/wp-json\/wp\/v2\/product\/1442"}],"collection":[{"href":"https:\/\/kronsafety.com\/shop\/wp-json\/wp\/v2\/product"}],"about":[{"href":"https:\/\/kronsafety.com\/shop\/wp-json\/wp\/v2\/types\/product"}],"wp:featuredmedia":[{"embeddable":true,"href":"https:\/\/kronsafety.com\/shop\/wp-json\/wp\/v2\/media\/1343"}],"wp:attachment":[{"href":"https:\/\/kronsafety.com\/shop\/wp-json\/wp\/v2\/media?parent=1442"}],"wp:term":[{"taxonomy":"product_cat","embeddable":true,"href":"https:\/\/kronsafety.com\/shop\/wp-json\/wp\/v2\/product_cat?post=1442"},{"taxonomy":"product_tag","embeddable":true,"href":"https:\/\/kronsafety.com\/shop\/wp-json\/wp\/v2\/product_tag?post=1442"}],"curies":[{"name":"wp","href":"https:\/\/api.w.org\/{rel}","templated":true}]}}