{"id":1445,"date":"2020-04-20T15:49:16","date_gmt":"2020-04-20T13:49:16","guid":{"rendered":"http:\/\/kronsafety.com\/shop\/?post_type=product&#038;p=1445"},"modified":"2020-04-24T09:21:43","modified_gmt":"2020-04-24T07:21:43","slug":"hoehensicherungs-und-rettungshubgeraet-hsrg","status":"publish","type":"product","link":"https:\/\/kronsafety.com\/shop\/produkt\/hoehensicherungs-und-rettungshubgeraet-hsrg\/","title":{"rendered":"H\u00f6hensicherungs \u2013 und Rettungshubger\u00e4t HSRG"},"content":{"rendered":"<p>H\u00f6chster Korrosionsschutz durch Doppelkammer-System<br \/>\nund spezielle Oberfl\u00e4chenbehandlung<br \/>\nHalterung\/Adapter \u201eEasy\u201c: Sekundenschnelle Montage<br \/>\ndurch Einh\u00e4ngen und Sicherung mit Bolzen<br \/>\nVariabel einsetzbar an Dreibeinen, Kraftarmen, Fahrzeugen usw.<br \/>\nHohe Hebegeschwindigkeit durch modernes Planetengetriebe<br \/>\nErgonomisch geformtes Aluminiumgeh\u00e4use mit Zusatzfunktionen<br \/>\nH\u00f6chstwertige Brems- und Fallschutztechnik<br \/>\nVarianten: Seill\u00e4nge von 10-30 m<\/p>\n","protected":false},"excerpt":{"rendered":"<p>H\u00f6chster Korrosionsschutz durch Doppelkammer-System und spezielle Oberfl\u00e4chenbehandlung Halterung\/Adapter \u201eEasy\u201c: Sekundenschnelle Montage durch Einh\u00e4ngen und Sicherung mit Bolzen Variabel einsetzbar an Dreibeinen, Kraftarmen, Fahrzeugen usw. Hohe Hebegeschwindigkeit durch modernes Planetengetriebe Ergonomisch geformtes Aluminiumgeh\u00e4use mit Zusatzfunktionen H\u00f6chstwertige Brems- und Fallschutztechnik Varianten: Seill\u00e4nge von 10-30 m<\/p>\n","protected":false},"featured_media":1333,"template":"","meta":[],"product_cat":[440,445],"product_tag":[],"_links":{"self":[{"href":"https:\/\/kronsafety.com\/shop\/wp-json\/wp\/v2\/product\/1445"}],"collection":[{"href":"https:\/\/kronsafety.com\/shop\/wp-json\/wp\/v2\/product"}],"about":[{"href":"https:\/\/kronsafety.com\/shop\/wp-json\/wp\/v2\/types\/product"}],"wp:featuredmedia":[{"embeddable":true,"href":"https:\/\/kronsafety.com\/shop\/wp-json\/wp\/v2\/media\/1333"}],"wp:attachment":[{"href":"https:\/\/kronsafety.com\/shop\/wp-json\/wp\/v2\/media?parent=1445"}],"wp:term":[{"taxonomy":"product_cat","embeddable":true,"href":"https:\/\/kronsafety.com\/shop\/wp-json\/wp\/v2\/product_cat?post=1445"},{"taxonomy":"product_tag","embeddable":true,"href":"https:\/\/kronsafety.com\/shop\/wp-json\/wp\/v2\/product_tag?post=1445"}],"curies":[{"name":"wp","href":"https:\/\/api.w.org\/{rel}","templated":true}]}}