{"id":1480,"date":"2020-04-23T07:23:03","date_gmt":"2020-04-23T05:23:03","guid":{"rendered":"http:\/\/kronsafety.com\/shop\/?post_type=product&#038;p=1480"},"modified":"2020-04-23T07:27:13","modified_gmt":"2020-04-23T05:27:13","slug":"schlauch-fuer-lueftungsgeraet-7m-mit-box","status":"publish","type":"product","link":"https:\/\/kronsafety.com\/shop\/produkt\/schlauch-fuer-lueftungsgeraet-7m-mit-box\/","title":{"rendered":"Schlauch f\u00fcr L\u00fcftungsger\u00e4t 7m mit Box"},"content":{"rendered":"","protected":false},"excerpt":{"rendered":"","protected":false},"featured_media":1481,"template":"","meta":[],"product_cat":[440],"product_tag":[],"_links":{"self":[{"href":"https:\/\/kronsafety.com\/shop\/wp-json\/wp\/v2\/product\/1480"}],"collection":[{"href":"https:\/\/kronsafety.com\/shop\/wp-json\/wp\/v2\/product"}],"about":[{"href":"https:\/\/kronsafety.com\/shop\/wp-json\/wp\/v2\/types\/product"}],"wp:featuredmedia":[{"embeddable":true,"href":"https:\/\/kronsafety.com\/shop\/wp-json\/wp\/v2\/media\/1481"}],"wp:attachment":[{"href":"https:\/\/kronsafety.com\/shop\/wp-json\/wp\/v2\/media?parent=1480"}],"wp:term":[{"taxonomy":"product_cat","embeddable":true,"href":"https:\/\/kronsafety.com\/shop\/wp-json\/wp\/v2\/product_cat?post=1480"},{"taxonomy":"product_tag","embeddable":true,"href":"https:\/\/kronsafety.com\/shop\/wp-json\/wp\/v2\/product_tag?post=1480"}],"curies":[{"name":"wp","href":"https:\/\/api.w.org\/{rel}","templated":true}]}}