{"id":1541,"date":"2020-04-23T09:40:22","date_gmt":"2020-04-23T07:40:22","guid":{"rendered":"http:\/\/kronsafety.com\/shop\/?post_type=product&#038;p=1541"},"modified":"2024-05-14T09:07:50","modified_gmt":"2024-05-14T07:07:50","slug":"lampe-combiflare","status":"publish","type":"product","link":"https:\/\/kronsafety.com\/shop\/produkt\/lampe-combiflare\/","title":{"rendered":"Warnblitzleuchte COMBIFLARE"},"content":{"rendered":"<p>Zur effektiven, erg\u00e4nzenden Absicherung von Gefahrenstellen.<\/p>\n<p>Merkmale:<br \/>\nhervorragende Sichtbarkeit durch 16 farbige LED \u0301s<br \/>\nneun verschiedene Funktionen (Blink-, Dauer-, Kreisellicht) mit Magnet zur schnellen und sicheren Befestigung Geh\u00e4use spritzwassergesch\u00fctzt<br \/>\nsto\u00dfunempfindlich durch Rundumgummierung.<br \/>\nBlinkdauer je nach Modus bis zu 100 Stunden.<br \/>\nDurchmesser ca. 10,5 cm, H\u00f6he: 3,5 cm Betriebstemperatur -20 \u00b0C bis +57 \u00b0C<\/p>\n<p>1 x Li-Ionen Akku (600mAh) inklusive<br \/>\nAusf\u00fchrung mit Akku inklusive 12\/24\/230V-Ladeger\u00e4t<\/p>\n","protected":false},"excerpt":{"rendered":"<p>Zur effektiven, erg\u00e4nzenden Absicherung von Gefahrenstellen. Merkmale: hervorragende Sichtbarkeit durch 16 farbige LED \u0301s neun verschiedene Funktionen (Blink-, Dauer-, Kreisellicht) mit Magnet zur schnellen und sicheren Befestigung Geh\u00e4use spritzwassergesch\u00fctzt sto\u00dfunempfindlich durch Rundumgummierung. Blinkdauer je nach Modus bis zu 100 Stunden. Durchmesser ca. 10,5 cm, H\u00f6he: 3,5 cm Betriebstemperatur -20 \u00b0C bis +57 \u00b0C 1 x [&hellip;]<\/p>\n","protected":false},"featured_media":1543,"template":"","meta":[],"product_cat":[440],"product_tag":[],"_links":{"self":[{"href":"https:\/\/kronsafety.com\/shop\/wp-json\/wp\/v2\/product\/1541"}],"collection":[{"href":"https:\/\/kronsafety.com\/shop\/wp-json\/wp\/v2\/product"}],"about":[{"href":"https:\/\/kronsafety.com\/shop\/wp-json\/wp\/v2\/types\/product"}],"wp:featuredmedia":[{"embeddable":true,"href":"https:\/\/kronsafety.com\/shop\/wp-json\/wp\/v2\/media\/1543"}],"wp:attachment":[{"href":"https:\/\/kronsafety.com\/shop\/wp-json\/wp\/v2\/media?parent=1541"}],"wp:term":[{"taxonomy":"product_cat","embeddable":true,"href":"https:\/\/kronsafety.com\/shop\/wp-json\/wp\/v2\/product_cat?post=1541"},{"taxonomy":"product_tag","embeddable":true,"href":"https:\/\/kronsafety.com\/shop\/wp-json\/wp\/v2\/product_tag?post=1541"}],"curies":[{"name":"wp","href":"https:\/\/api.w.org\/{rel}","templated":true}]}}