{"id":1594,"date":"2020-04-24T07:02:07","date_gmt":"2020-04-24T05:02:07","guid":{"rendered":"http:\/\/kronsafety.com\/shop\/?post_type=product&#038;p=1594"},"modified":"2020-04-24T07:08:17","modified_gmt":"2020-04-24T05:08:17","slug":"1594","status":"publish","type":"product","link":"https:\/\/kronsafety.com\/shop\/produkt\/1594\/","title":{"rendered":"Absorbica TIE BACK"},"content":{"rendered":"<p>Das ABSORBICA-Y TIE-BACK ist ein doppeltes Verbindungsmittel mit Zwischenringen zur Umlenkung und integriertem kompakten Falld\u00e4mpfer. Es ist zur vertikalen Fortbewegung an sehr breitem Gest\u00e4nge und zum Passieren von Zwischensicherungen konzipiert. Das TIE-BACK-System erm\u00f6glicht es, das Ende des Verbindungsmittels an sehr breitem Gest\u00e4nge einzuh\u00e4ngen. Die elastischen Str\u00e4nge st\u00f6ren nicht bei der Fortbewegung. Es ist mit oder ohne Verbindungselemente verf\u00fcgbar und nach amerikanischen, europ\u00e4ischen und russischen Normen zertifiziert.<\/p>\n<div class=\"slideText\">\n<p>&nbsp;<\/p>\n<p class=\"slideTitle\">Zwischenringe<\/p>\n<p class=\"slideDescription\">Die ABSORBICA-Y TIE-BACK-Verbindungsmittel sind mit Zwischenringen ausgestattet, die das Einh\u00e4ngen an sehr breitem Gest\u00e4nge erm\u00f6glichen.<\/p>\n<\/div>\n","protected":false},"excerpt":{"rendered":"<p>https:\/\/player.vimeo.com\/video\/375443635<\/p>\n","protected":false},"featured_media":1601,"template":"","meta":[],"product_cat":[169],"product_tag":[],"_links":{"self":[{"href":"https:\/\/kronsafety.com\/shop\/wp-json\/wp\/v2\/product\/1594"}],"collection":[{"href":"https:\/\/kronsafety.com\/shop\/wp-json\/wp\/v2\/product"}],"about":[{"href":"https:\/\/kronsafety.com\/shop\/wp-json\/wp\/v2\/types\/product"}],"wp:featuredmedia":[{"embeddable":true,"href":"https:\/\/kronsafety.com\/shop\/wp-json\/wp\/v2\/media\/1601"}],"wp:attachment":[{"href":"https:\/\/kronsafety.com\/shop\/wp-json\/wp\/v2\/media?parent=1594"}],"wp:term":[{"taxonomy":"product_cat","embeddable":true,"href":"https:\/\/kronsafety.com\/shop\/wp-json\/wp\/v2\/product_cat?post=1594"},{"taxonomy":"product_tag","embeddable":true,"href":"https:\/\/kronsafety.com\/shop\/wp-json\/wp\/v2\/product_tag?post=1594"}],"curies":[{"name":"wp","href":"https:\/\/api.w.org\/{rel}","templated":true}]}}