{"id":1602,"date":"2020-04-24T07:11:29","date_gmt":"2020-04-24T05:11:29","guid":{"rendered":"http:\/\/kronsafety.com\/shop\/?post_type=product&#038;p=1602"},"modified":"2020-04-24T07:38:30","modified_gmt":"2020-04-24T05:38:30","slug":"falldaempfer-y-reactor-3-ring","status":"publish","type":"product","link":"https:\/\/kronsafety.com\/shop\/produkt\/falldaempfer-y-reactor-3-ring\/","title":{"rendered":"Falld\u00e4mpfer Y REACTOR 3 RING"},"content":{"rendered":"<p>Y-Falld\u00e4mpfer eingen\u00e4hten Ringen im Lanyard.<br \/>\nMithilfe der Ringe k\u00f6nnen die Str\u00e4nge verk\u00fcrzt werden bzw. beim Umschlagen eines Anschlagpunktes eine Falschbelastung des Karabiners verhindern. Er ist mit vern\u00e4hten Endverbindungen ohne oder mit Karabinern erh\u00e4ltlich.<br \/>\nEN355<\/p>\n","protected":false},"excerpt":{"rendered":"<p>Y-Falld\u00e4mpfer eingen\u00e4hten Ringen im Lanyard. Mithilfe der Ringe k\u00f6nnen die Str\u00e4nge verk\u00fcrzt werden bzw. beim Umschlagen eines Anschlagpunktes eine Falschbelastung des Karabiners verhindern. Er ist mit vern\u00e4hten Endverbindungen ohne oder mit Karabinern erh\u00e4ltlich. EN355<\/p>\n","protected":false},"featured_media":1607,"template":"","meta":[],"product_cat":[169],"product_tag":[],"_links":{"self":[{"href":"https:\/\/kronsafety.com\/shop\/wp-json\/wp\/v2\/product\/1602"}],"collection":[{"href":"https:\/\/kronsafety.com\/shop\/wp-json\/wp\/v2\/product"}],"about":[{"href":"https:\/\/kronsafety.com\/shop\/wp-json\/wp\/v2\/types\/product"}],"wp:featuredmedia":[{"embeddable":true,"href":"https:\/\/kronsafety.com\/shop\/wp-json\/wp\/v2\/media\/1607"}],"wp:attachment":[{"href":"https:\/\/kronsafety.com\/shop\/wp-json\/wp\/v2\/media?parent=1602"}],"wp:term":[{"taxonomy":"product_cat","embeddable":true,"href":"https:\/\/kronsafety.com\/shop\/wp-json\/wp\/v2\/product_cat?post=1602"},{"taxonomy":"product_tag","embeddable":true,"href":"https:\/\/kronsafety.com\/shop\/wp-json\/wp\/v2\/product_tag?post=1602"}],"curies":[{"name":"wp","href":"https:\/\/api.w.org\/{rel}","templated":true}]}}