{"id":1608,"date":"2020-04-24T07:41:41","date_gmt":"2020-04-24T05:41:41","guid":{"rendered":"http:\/\/kronsafety.com\/shop\/?post_type=product&#038;p=1608"},"modified":"2020-04-24T07:41:41","modified_gmt":"2020-04-24T05:41:41","slug":"falldaempfer-shockstop-adjust-y","status":"publish","type":"product","link":"https:\/\/kronsafety.com\/shop\/produkt\/falldaempfer-shockstop-adjust-y\/","title":{"rendered":"Falld\u00e4mpfer SHOCKSTOP ADJUST Y"},"content":{"rendered":"<p>L\u00e4ngenverstellbares Verbindungsmittel mit kurzschlusssicherem Bandfalld\u00e4mpfer und gro\u00dfen Anschlagkarabinern. Das Shockstop Adjustable Y ist Auffang- und Positionierungssystem in einem.<br \/>\nDer Conecto-Ring erm\u00f6glicht den Austausch der einzelnen Komponenten (Drehmoment 6 Nm)<br \/>\nHaltegummis zur Verstauung des \u00fcberstehenden Bandes<br \/>\n1 l\u00e4ngenverstellbarer Ast mit voller Festigkeit (15 kN) im Endanschlag zur optimalen Arbeitsplatzpositionierung<br \/>\n1 elastischer Arm f\u00fcr optimales Handling beim Klettern<br \/>\nGro\u00dfe \u201eDSG 2300 Runt&#8220;-Stahlkarabiner f\u00fcr optimales Ausrichten der Karabiner an der Struktur<br \/>\nDer Bandfalld\u00e4mpfer ist \u201ekurzschlusssicher&#8220; (180\u00b0 Fehlanwendung), das hei\u00dft er funktioniert auch, wenn ein Arm des Ger\u00e4tes in einer Materialschlaufe des Gurtes verstaut ist<br \/>\nAufrei\u00dfl\u00e4nge des Falld\u00e4mpfers: 1,60 m<br \/>\nEN362 \/ 354 \/ 355<\/p>\n","protected":false},"excerpt":{"rendered":"<p>L\u00e4ngenverstellbares Verbindungsmittel mit kurzschlusssicherem Bandfalld\u00e4mpfer und gro\u00dfen Anschlagkarabinern. Das Shockstop Adjustable Y ist Auffang- und Positionierungssystem in einem. Der Conecto-Ring erm\u00f6glicht den Austausch der einzelnen Komponenten (Drehmoment 6 Nm) Haltegummis zur Verstauung des \u00fcberstehenden Bandes 1 l\u00e4ngenverstellbarer Ast mit voller Festigkeit (15 kN) im Endanschlag zur optimalen Arbeitsplatzpositionierung 1 elastischer Arm f\u00fcr optimales Handling beim [&hellip;]<\/p>\n","protected":false},"featured_media":1609,"template":"","meta":[],"product_cat":[169],"product_tag":[],"_links":{"self":[{"href":"https:\/\/kronsafety.com\/shop\/wp-json\/wp\/v2\/product\/1608"}],"collection":[{"href":"https:\/\/kronsafety.com\/shop\/wp-json\/wp\/v2\/product"}],"about":[{"href":"https:\/\/kronsafety.com\/shop\/wp-json\/wp\/v2\/types\/product"}],"wp:featuredmedia":[{"embeddable":true,"href":"https:\/\/kronsafety.com\/shop\/wp-json\/wp\/v2\/media\/1609"}],"wp:attachment":[{"href":"https:\/\/kronsafety.com\/shop\/wp-json\/wp\/v2\/media?parent=1608"}],"wp:term":[{"taxonomy":"product_cat","embeddable":true,"href":"https:\/\/kronsafety.com\/shop\/wp-json\/wp\/v2\/product_cat?post=1608"},{"taxonomy":"product_tag","embeddable":true,"href":"https:\/\/kronsafety.com\/shop\/wp-json\/wp\/v2\/product_tag?post=1608"}],"curies":[{"name":"wp","href":"https:\/\/api.w.org\/{rel}","templated":true}]}}