{"id":1610,"date":"2020-04-24T07:50:28","date_gmt":"2020-04-24T05:50:28","guid":{"rendered":"http:\/\/kronsafety.com\/shop\/?post_type=product&#038;p=1610"},"modified":"2020-04-24T07:50:28","modified_gmt":"2020-04-24T05:50:28","slug":"falldaempfer-absorbica","status":"publish","type":"product","link":"https:\/\/kronsafety.com\/shop\/produkt\/falldaempfer-absorbica\/","title":{"rendered":"Falld\u00e4mpfer ABSORBICA"},"content":{"rendered":"<p>Der ABSORBICA ist ein kompakter Falld\u00e4mpfer, der in Kombination mit dem JANE-Verbindungsmittel zur Absturzsicherung dient. Der Bandfalld\u00e4mpfer befindet sich in einer H\u00fclle, die an den Enden ge\u00f6ffnet werden kann. Der Falld\u00e4mpfer wird so vor Abrieb gesch\u00fctzt und kann regelm\u00e4\u00dfig \u00fcberpr\u00fcft werden. Es gibt es zwei M\u00f6glichkeiten ihn mit dem Gurt zu verbinden, je nachdem, wie h\u00e4ufig der Benutzer ihn ein- und aush\u00e4ngen muss.<\/p>\n","protected":false},"excerpt":{"rendered":"<p>Der ABSORBICA ist ein kompakter Falld\u00e4mpfer, der in Kombination mit dem JANE-Verbindungsmittel zur Absturzsicherung dient. Der Bandfalld\u00e4mpfer befindet sich in einer H\u00fclle, die an den Enden ge\u00f6ffnet werden kann. Der Falld\u00e4mpfer wird so vor Abrieb gesch\u00fctzt und kann regelm\u00e4\u00dfig \u00fcberpr\u00fcft werden. Es gibt es zwei M\u00f6glichkeiten ihn mit dem Gurt zu verbinden, je nachdem, wie [&hellip;]<\/p>\n","protected":false},"featured_media":1612,"template":"","meta":[],"product_cat":[444],"product_tag":[],"_links":{"self":[{"href":"https:\/\/kronsafety.com\/shop\/wp-json\/wp\/v2\/product\/1610"}],"collection":[{"href":"https:\/\/kronsafety.com\/shop\/wp-json\/wp\/v2\/product"}],"about":[{"href":"https:\/\/kronsafety.com\/shop\/wp-json\/wp\/v2\/types\/product"}],"wp:featuredmedia":[{"embeddable":true,"href":"https:\/\/kronsafety.com\/shop\/wp-json\/wp\/v2\/media\/1612"}],"wp:attachment":[{"href":"https:\/\/kronsafety.com\/shop\/wp-json\/wp\/v2\/media?parent=1610"}],"wp:term":[{"taxonomy":"product_cat","embeddable":true,"href":"https:\/\/kronsafety.com\/shop\/wp-json\/wp\/v2\/product_cat?post=1610"},{"taxonomy":"product_tag","embeddable":true,"href":"https:\/\/kronsafety.com\/shop\/wp-json\/wp\/v2\/product_tag?post=1610"}],"curies":[{"name":"wp","href":"https:\/\/api.w.org\/{rel}","templated":true}]}}