{"id":1615,"date":"2020-04-24T08:07:13","date_gmt":"2020-04-24T06:07:13","guid":{"rendered":"http:\/\/kronsafety.com\/shop\/?post_type=product&#038;p=1615"},"modified":"2020-04-24T17:16:33","modified_gmt":"2020-04-24T15:16:33","slug":"falldaempfer-asapsorber","status":"publish","type":"product","link":"https:\/\/kronsafety.com\/shop\/produkt\/falldaempfer-asapsorber\/","title":{"rendered":"Falld\u00e4mpfer ASAP&#8217;SORBER"},"content":{"rendered":"<p>Der Falld\u00e4mpfer ASAP&#8217;SORBER ist ausschlie\u00dflich f\u00fcr die Verwendung mit dem mitlaufenden Auffangger\u00e4t ASAP oder ASAP LOCK bestimmt. Er erm\u00f6glicht es dem Anwender entfernt vom Seil zu arbeiten, um es w\u00e4hrend der Arbeitsphasen zu sch\u00fctzen. Der Bandfalld\u00e4mpfer befindet sich in einer H\u00fclle, die an den Enden ge\u00f6ffnet werden kann. Der Falld\u00e4mpfer wird so vor Abrieb gesch\u00fctzt und kann regelm\u00e4\u00dfig \u00fcberpr\u00fcft werden. Er ist in zwei L\u00e4ngen verf\u00fcgbar, um einen optimalen Kompromiss zwischen der Entfernung vom Seil und der Reduzierung der Sturzh\u00f6he zu erm\u00f6glichen.<\/p>\n","protected":false},"excerpt":{"rendered":"<p>Der Falld\u00e4mpfer ASAP&#8217;SORBER ist ausschlie\u00dflich f\u00fcr die Verwendung mit dem mitlaufenden Auffangger\u00e4t ASAP oder ASAP LOCK bestimmt. Er erm\u00f6glicht es dem Anwender entfernt vom Seil zu arbeiten, um es w\u00e4hrend der Arbeitsphasen zu sch\u00fctzen. Der Bandfalld\u00e4mpfer befindet sich in einer H\u00fclle, die an den Enden ge\u00f6ffnet werden kann. Der Falld\u00e4mpfer wird so vor Abrieb gesch\u00fctzt [&hellip;]<\/p>\n","protected":false},"featured_media":1624,"template":"","meta":[],"product_cat":[444],"product_tag":[],"_links":{"self":[{"href":"https:\/\/kronsafety.com\/shop\/wp-json\/wp\/v2\/product\/1615"}],"collection":[{"href":"https:\/\/kronsafety.com\/shop\/wp-json\/wp\/v2\/product"}],"about":[{"href":"https:\/\/kronsafety.com\/shop\/wp-json\/wp\/v2\/types\/product"}],"wp:featuredmedia":[{"embeddable":true,"href":"https:\/\/kronsafety.com\/shop\/wp-json\/wp\/v2\/media\/1624"}],"wp:attachment":[{"href":"https:\/\/kronsafety.com\/shop\/wp-json\/wp\/v2\/media?parent=1615"}],"wp:term":[{"taxonomy":"product_cat","embeddable":true,"href":"https:\/\/kronsafety.com\/shop\/wp-json\/wp\/v2\/product_cat?post=1615"},{"taxonomy":"product_tag","embeddable":true,"href":"https:\/\/kronsafety.com\/shop\/wp-json\/wp\/v2\/product_tag?post=1615"}],"curies":[{"name":"wp","href":"https:\/\/api.w.org\/{rel}","templated":true}]}}