{"id":1620,"date":"2020-04-24T08:09:50","date_gmt":"2020-04-24T06:09:50","guid":{"rendered":"http:\/\/kronsafety.com\/shop\/?post_type=product&#038;p=1620"},"modified":"2020-04-24T17:15:47","modified_gmt":"2020-04-24T15:15:47","slug":"falldaempfer-asapsorber-axess","status":"publish","type":"product","link":"https:\/\/kronsafety.com\/shop\/produkt\/falldaempfer-asapsorber-axess\/","title":{"rendered":"Falld\u00e4mpfer ASAP&#8217;SORBER AXESS"},"content":{"rendered":"<p>Der Falld\u00e4mpfer ASAP&#8217;SORBER AXESS wird ausschlie\u00dflich mit dem mitlaufenden Auffangger\u00e4t ASAP oder ASAP LOCK verwendet. Er erm\u00f6glicht es dem Anwender entfernt vom Seil zu arbeiten, um es w\u00e4hrend der Arbeitsphasen zu sch\u00fctzen. Der Bandfalld\u00e4mpfer befindet sich in einer H\u00fclle, die an den Enden ge\u00f6ffnet werden kann. Der Falld\u00e4mpfer wird so vor Abrieb gesch\u00fctzt und kann regelm\u00e4\u00dfig \u00fcberpr\u00fcft werden. Er kann bei der Rettung von zwei Personen mit einer Last von maximal 250 kg verwendet werden.<\/p>\n","protected":false},"excerpt":{"rendered":"<p>Der Falld\u00e4mpfer ASAP&#8217;SORBER AXESS wird ausschlie\u00dflich mit dem mitlaufenden Auffangger\u00e4t ASAP oder ASAP LOCK verwendet. Er erm\u00f6glicht es dem Anwender entfernt vom Seil zu arbeiten, um es w\u00e4hrend der Arbeitsphasen zu sch\u00fctzen. Der Bandfalld\u00e4mpfer befindet sich in einer H\u00fclle, die an den Enden ge\u00f6ffnet werden kann. Der Falld\u00e4mpfer wird so vor Abrieb gesch\u00fctzt und kann [&hellip;]<\/p>\n","protected":false},"featured_media":1621,"template":"","meta":[],"product_cat":[444],"product_tag":[],"_links":{"self":[{"href":"https:\/\/kronsafety.com\/shop\/wp-json\/wp\/v2\/product\/1620"}],"collection":[{"href":"https:\/\/kronsafety.com\/shop\/wp-json\/wp\/v2\/product"}],"about":[{"href":"https:\/\/kronsafety.com\/shop\/wp-json\/wp\/v2\/types\/product"}],"wp:featuredmedia":[{"embeddable":true,"href":"https:\/\/kronsafety.com\/shop\/wp-json\/wp\/v2\/media\/1621"}],"wp:attachment":[{"href":"https:\/\/kronsafety.com\/shop\/wp-json\/wp\/v2\/media?parent=1620"}],"wp:term":[{"taxonomy":"product_cat","embeddable":true,"href":"https:\/\/kronsafety.com\/shop\/wp-json\/wp\/v2\/product_cat?post=1620"},{"taxonomy":"product_tag","embeddable":true,"href":"https:\/\/kronsafety.com\/shop\/wp-json\/wp\/v2\/product_tag?post=1620"}],"curies":[{"name":"wp","href":"https:\/\/api.w.org\/{rel}","templated":true}]}}