{"id":1631,"date":"2020-04-24T08:37:34","date_gmt":"2020-04-24T06:37:34","guid":{"rendered":"http:\/\/kronsafety.com\/shop\/?post_type=product&#038;p=1631"},"modified":"2020-04-24T08:37:34","modified_gmt":"2020-04-24T06:37:34","slug":"hoehensicherungsgeraet-retractable-fall-arrester-6m","status":"publish","type":"product","link":"https:\/\/kronsafety.com\/shop\/produkt\/hoehensicherungsgeraet-retractable-fall-arrester-6m\/","title":{"rendered":"H\u00f6hensicherungsger\u00e4t RETRACTABLE FALL ARRESTER 6M"},"content":{"rendered":"<p>H\u00f6hensicherungsger\u00e4t mit automatischem R\u00fcckzug f\u00fcr die horizontale und vertikale Nutzung und Sturzfaktor 2.<br \/>\nSchlinge aus Polyester: Breite 21 mm, L\u00e4nge 6 m.<br \/>\nExterner Falld\u00e4mpfer, der f\u00fcr eine Kontrolle ge\u00f6ffnet werden kann.<br \/>\nOberer drehbarer Ankerpunkt.<br \/>\nTwist-Lock Karabiner mit Wirbel.<\/p>\n","protected":false},"excerpt":{"rendered":"<p>H\u00f6hensicherungsger\u00e4t mit automatischem R\u00fcckzug f\u00fcr die horizontale und vertikale Nutzung und Sturzfaktor 2. Schlinge aus Polyester: Breite 21 mm, L\u00e4nge 6 m. Externer Falld\u00e4mpfer, der f\u00fcr eine Kontrolle ge\u00f6ffnet werden kann. Oberer drehbarer Ankerpunkt. Twist-Lock Karabiner mit Wirbel.<\/p>\n","protected":false},"featured_media":1632,"template":"","meta":[],"product_cat":[447],"product_tag":[],"_links":{"self":[{"href":"https:\/\/kronsafety.com\/shop\/wp-json\/wp\/v2\/product\/1631"}],"collection":[{"href":"https:\/\/kronsafety.com\/shop\/wp-json\/wp\/v2\/product"}],"about":[{"href":"https:\/\/kronsafety.com\/shop\/wp-json\/wp\/v2\/types\/product"}],"wp:featuredmedia":[{"embeddable":true,"href":"https:\/\/kronsafety.com\/shop\/wp-json\/wp\/v2\/media\/1632"}],"wp:attachment":[{"href":"https:\/\/kronsafety.com\/shop\/wp-json\/wp\/v2\/media?parent=1631"}],"wp:term":[{"taxonomy":"product_cat","embeddable":true,"href":"https:\/\/kronsafety.com\/shop\/wp-json\/wp\/v2\/product_cat?post=1631"},{"taxonomy":"product_tag","embeddable":true,"href":"https:\/\/kronsafety.com\/shop\/wp-json\/wp\/v2\/product_tag?post=1631"}],"curies":[{"name":"wp","href":"https:\/\/api.w.org\/{rel}","templated":true}]}}