{"id":164,"date":"2018-02-02T01:51:53","date_gmt":"2018-02-02T00:51:53","guid":{"rendered":"http:\/\/kronaction.com\/shop\/?post_type=product&#038;p=164"},"modified":"2020-08-24T15:46:36","modified_gmt":"2020-08-24T13:46:36","slug":"mike","status":"publish","type":"product","link":"https:\/\/kronsafety.com\/shop\/produkt\/mike\/","title":{"rendered":"Rettungsgurt MIKE HARNESS"},"content":{"rendered":"<p>Spezieller und einziger \u00dcberkopf- Rettungsgurt f\u00fcr Aktionen in beengten Bereichen, wo der Retter so kompakt als m\u00f6glich abgeseilt oder hochgezogen werden muss. Geeignet f\u00fcr vertikale beengte Bereiche wie Silos und Rohre, sowie f\u00fcr horizontale Rohrsysteme. Die ergonomischen Polsterungen an Bein-, Bauch- und Schultergurten<br \/>\nmachen den Gurt komfortabler.<br \/>\nDurch 10 Schnallen kann der Gurt genau an den Benutzer angepasst werden. Als Zubeh\u00f6r wird der Artikel DIAPASON empfohlen, welcher die Beine in einem bequemen Abstand zueinander h\u00e4lt.<\/p>\n","protected":false},"excerpt":{"rendered":"<p>Spezieller und einziger \u00dcberkopf- Rettungsgurt f\u00fcr Aktionen in beengten Bereichen, wo der Retter so kompakt als m\u00f6glich abgeseilt oder hochgezogen werden muss. Geeignet f\u00fcr vertikale beengte Bereiche wie Silos und Rohre, sowie f\u00fcr horizontale Rohrsysteme. Die ergonomischen Polsterungen an Bein-, Bauch- und Schultergurten machen den Gurt komfortabler. Durch 10 Schnallen kann der Gurt genau an [&hellip;]<\/p>\n","protected":false},"featured_media":165,"template":"","meta":[],"product_cat":[15,63],"product_tag":[],"_links":{"self":[{"href":"https:\/\/kronsafety.com\/shop\/wp-json\/wp\/v2\/product\/164"}],"collection":[{"href":"https:\/\/kronsafety.com\/shop\/wp-json\/wp\/v2\/product"}],"about":[{"href":"https:\/\/kronsafety.com\/shop\/wp-json\/wp\/v2\/types\/product"}],"wp:featuredmedia":[{"embeddable":true,"href":"https:\/\/kronsafety.com\/shop\/wp-json\/wp\/v2\/media\/165"}],"wp:attachment":[{"href":"https:\/\/kronsafety.com\/shop\/wp-json\/wp\/v2\/media?parent=164"}],"wp:term":[{"taxonomy":"product_cat","embeddable":true,"href":"https:\/\/kronsafety.com\/shop\/wp-json\/wp\/v2\/product_cat?post=164"},{"taxonomy":"product_tag","embeddable":true,"href":"https:\/\/kronsafety.com\/shop\/wp-json\/wp\/v2\/product_tag?post=164"}],"curies":[{"name":"wp","href":"https:\/\/api.w.org\/{rel}","templated":true}]}}