{"id":1648,"date":"2020-04-24T09:15:56","date_gmt":"2020-04-24T07:15:56","guid":{"rendered":"http:\/\/kronsafety.com\/shop\/?post_type=product&#038;p=1648"},"modified":"2020-04-24T09:20:04","modified_gmt":"2020-04-24T07:20:04","slug":"halterung-easy","status":"publish","type":"product","link":"https:\/\/kronsafety.com\/shop\/produkt\/halterung-easy\/","title":{"rendered":"Halterung EASY"},"content":{"rendered":"<p>Halterungen f\u00fcr H\u00f6hensicherungsger\u00e4t HSRG.<\/p>\n","protected":false},"excerpt":{"rendered":"<p>Halterungen f\u00fcr H\u00f6hensicherungsger\u00e4t HSRG.<\/p>\n","protected":false},"featured_media":1653,"template":"","meta":[],"product_cat":[449],"product_tag":[],"_links":{"self":[{"href":"https:\/\/kronsafety.com\/shop\/wp-json\/wp\/v2\/product\/1648"}],"collection":[{"href":"https:\/\/kronsafety.com\/shop\/wp-json\/wp\/v2\/product"}],"about":[{"href":"https:\/\/kronsafety.com\/shop\/wp-json\/wp\/v2\/types\/product"}],"wp:featuredmedia":[{"embeddable":true,"href":"https:\/\/kronsafety.com\/shop\/wp-json\/wp\/v2\/media\/1653"}],"wp:attachment":[{"href":"https:\/\/kronsafety.com\/shop\/wp-json\/wp\/v2\/media?parent=1648"}],"wp:term":[{"taxonomy":"product_cat","embeddable":true,"href":"https:\/\/kronsafety.com\/shop\/wp-json\/wp\/v2\/product_cat?post=1648"},{"taxonomy":"product_tag","embeddable":true,"href":"https:\/\/kronsafety.com\/shop\/wp-json\/wp\/v2\/product_tag?post=1648"}],"curies":[{"name":"wp","href":"https:\/\/api.w.org\/{rel}","templated":true}]}}