{"id":1658,"date":"2020-04-24T09:33:27","date_gmt":"2020-04-24T07:33:27","guid":{"rendered":"http:\/\/kronsafety.com\/shop\/?post_type=product&#038;p=1658"},"modified":"2020-04-24T09:33:27","modified_gmt":"2020-04-24T07:33:27","slug":"trublue","status":"publish","type":"product","link":"https:\/\/kronsafety.com\/shop\/produkt\/trublue\/","title":{"rendered":"TRUBLUE"},"content":{"rendered":"<p>Das Abseilger\u00e4t TRUBLUE AUTO BELAY wurde speziell f\u00fcr die Kletter- und Seilgartenindustrie entwickelt. Die ausgekl\u00fcgelte Technologie erf\u00fcllt h\u00f6chste internationale Sicherheitsstandards. Die ber\u00fchrungslose Magnet-Bremse funktioniert ohne Bremsbacken und eliminiert damit eine der Hauptursachen f\u00fcr das Versagen von bisherigen Ger\u00e4ten.<br \/>\nAbseilgeschwindigkeit: 2 m\/sec<br \/>\nEN360 \/ EN 341<\/p>\n","protected":false},"excerpt":{"rendered":"<p>Das Abseilger\u00e4t TRUBLUE AUTO BELAY wurde speziell f\u00fcr die Kletter- und Seilgartenindustrie entwickelt. Die ausgekl\u00fcgelte Technologie erf\u00fcllt h\u00f6chste internationale Sicherheitsstandards. Die ber\u00fchrungslose Magnet-Bremse funktioniert ohne Bremsbacken und eliminiert damit eine der Hauptursachen f\u00fcr das Versagen von bisherigen Ger\u00e4ten. Abseilgeschwindigkeit: 2 m\/sec EN360 \/ EN 341<\/p>\n","protected":false},"featured_media":0,"template":"","meta":[],"product_cat":[446],"product_tag":[],"_links":{"self":[{"href":"https:\/\/kronsafety.com\/shop\/wp-json\/wp\/v2\/product\/1658"}],"collection":[{"href":"https:\/\/kronsafety.com\/shop\/wp-json\/wp\/v2\/product"}],"about":[{"href":"https:\/\/kronsafety.com\/shop\/wp-json\/wp\/v2\/types\/product"}],"wp:attachment":[{"href":"https:\/\/kronsafety.com\/shop\/wp-json\/wp\/v2\/media?parent=1658"}],"wp:term":[{"taxonomy":"product_cat","embeddable":true,"href":"https:\/\/kronsafety.com\/shop\/wp-json\/wp\/v2\/product_cat?post=1658"},{"taxonomy":"product_tag","embeddable":true,"href":"https:\/\/kronsafety.com\/shop\/wp-json\/wp\/v2\/product_tag?post=1658"}],"curies":[{"name":"wp","href":"https:\/\/api.w.org\/{rel}","templated":true}]}}