{"id":1664,"date":"2020-04-24T12:41:08","date_gmt":"2020-04-24T10:41:08","guid":{"rendered":"http:\/\/kronsafety.com\/shop\/?post_type=product&#038;p=1664"},"modified":"2020-04-24T17:13:04","modified_gmt":"2020-04-24T15:13:04","slug":"auffanggeraet-asap","status":"publish","type":"product","link":"https:\/\/kronsafety.com\/shop\/produkt\/auffanggeraet-asap\/","title":{"rendered":"Auffangger\u00e4t ASAP"},"content":{"rendered":"<p>Das ASAP mit seinem einzigartigen Blockiersystem hat auf dem Gebiet der Schutzvorrichtungen gegen Absturz f\u00fcr H\u00f6henarbeiter Ma\u00dfst\u00e4be gesetzt. Bei normaler Verwendung folgt das Ger\u00e4t ohne manuelles Eingreifen automatisch den Bewegungen des Anwenders am Seil. Bei einem Sturz oder abrupter Beschleunigung blockiert das ASAP am Seil und stoppt den Anwender. Entsprechend dem Einsatzzweck kann das ASAP ebenfalls mit einem ASAP&#8217;SORBER- oder ASAP&#8217;SORBER AXESS-Falld\u00e4mpfer kombiniert werden, um entfernt vom Seil arbeiten zu k\u00f6nnen.<\/p>\n","protected":false},"excerpt":{"rendered":"[embed]https:\/\/player.vimeo.com\/video\/261799197[\/embed]\n","protected":false},"featured_media":1665,"template":"","meta":[],"product_cat":[144],"product_tag":[],"_links":{"self":[{"href":"https:\/\/kronsafety.com\/shop\/wp-json\/wp\/v2\/product\/1664"}],"collection":[{"href":"https:\/\/kronsafety.com\/shop\/wp-json\/wp\/v2\/product"}],"about":[{"href":"https:\/\/kronsafety.com\/shop\/wp-json\/wp\/v2\/types\/product"}],"wp:featuredmedia":[{"embeddable":true,"href":"https:\/\/kronsafety.com\/shop\/wp-json\/wp\/v2\/media\/1665"}],"wp:attachment":[{"href":"https:\/\/kronsafety.com\/shop\/wp-json\/wp\/v2\/media?parent=1664"}],"wp:term":[{"taxonomy":"product_cat","embeddable":true,"href":"https:\/\/kronsafety.com\/shop\/wp-json\/wp\/v2\/product_cat?post=1664"},{"taxonomy":"product_tag","embeddable":true,"href":"https:\/\/kronsafety.com\/shop\/wp-json\/wp\/v2\/product_tag?post=1664"}],"curies":[{"name":"wp","href":"https:\/\/api.w.org\/{rel}","templated":true}]}}