{"id":167,"date":"2018-02-02T02:01:30","date_gmt":"2018-02-02T01:01:30","guid":{"rendered":"http:\/\/kronaction.com\/shop\/?post_type=product&#038;p=167"},"modified":"2020-08-24T17:03:54","modified_gmt":"2020-08-24T15:03:54","slug":"diapason","status":"publish","type":"product","link":"https:\/\/kronsafety.com\/shop\/produkt\/diapason\/","title":{"rendered":"DIAPASON"},"content":{"rendered":"<p>Schwerlast-Distanzhalter f\u00fcr Arbeitsgurte zur Fortbewegung in beengten R\u00e4ume. Stabile Form, um unter Last den Kopf der h\u00e4ngenden Person nicht zu verletzen.<br \/>\nMit zwei Schraubkarabinern zum Verbinden an Schulter-Anschlagpunkten.<br \/>\nEN 358 \/ 354 \/ 566 \/ 795B<\/p>\n","protected":false},"excerpt":{"rendered":"<p>Schwerlast-Distanzhalter f\u00fcr Arbeitsgurte zur Fortbewegung in beengten R\u00e4ume. Stabile Form, um unter Last den Kopf der h\u00e4ngenden Person nicht zu verletzen. Mit zwei Schraubkarabinern zum Verbinden an Schulter-Anschlagpunkten. EN 358 \/ 354 \/ 566 \/ 795B<\/p>\n","protected":false},"featured_media":168,"template":"","meta":[],"product_cat":[15,63],"product_tag":[],"_links":{"self":[{"href":"https:\/\/kronsafety.com\/shop\/wp-json\/wp\/v2\/product\/167"}],"collection":[{"href":"https:\/\/kronsafety.com\/shop\/wp-json\/wp\/v2\/product"}],"about":[{"href":"https:\/\/kronsafety.com\/shop\/wp-json\/wp\/v2\/types\/product"}],"wp:featuredmedia":[{"embeddable":true,"href":"https:\/\/kronsafety.com\/shop\/wp-json\/wp\/v2\/media\/168"}],"wp:attachment":[{"href":"https:\/\/kronsafety.com\/shop\/wp-json\/wp\/v2\/media?parent=167"}],"wp:term":[{"taxonomy":"product_cat","embeddable":true,"href":"https:\/\/kronsafety.com\/shop\/wp-json\/wp\/v2\/product_cat?post=167"},{"taxonomy":"product_tag","embeddable":true,"href":"https:\/\/kronsafety.com\/shop\/wp-json\/wp\/v2\/product_tag?post=167"}],"curies":[{"name":"wp","href":"https:\/\/api.w.org\/{rel}","templated":true}]}}