{"id":1685,"date":"2020-04-24T15:04:31","date_gmt":"2020-04-24T13:04:31","guid":{"rendered":"http:\/\/kronsafety.com\/shop\/?post_type=product&#038;p=1685"},"modified":"2020-04-24T15:04:51","modified_gmt":"2020-04-24T13:04:51","slug":"seil-mit-auffanggeraet-basic","status":"publish","type":"product","link":"https:\/\/kronsafety.com\/shop\/produkt\/seil-mit-auffanggeraet-basic\/","title":{"rendered":"Seil mit Auffangger\u00e4t BASIC"},"content":{"rendered":"<p>Leichtes, mitlaufendes Auffangger\u00e4t inkl. Bandfalld\u00e4mpfer und 2 Stk. Einhandkarabiner fix montiert auf 15 m-Kernmantelseil mit \u00d6sen.<br \/>\nEN353-2<\/p>\n<p>inkl. Stahlkarabiner Autoblock<\/p>\n","protected":false},"excerpt":{"rendered":"<p>Leichtes, mitlaufendes Auffangger\u00e4t inkl. Bandfalld\u00e4mpfer und 2 Stk. Einhandkarabiner fix montiert auf 15 m-Kernmantelseil mit \u00d6sen. EN353-2 inkl. Stahlkarabiner Autoblock<\/p>\n","protected":false},"featured_media":1687,"template":"","meta":[],"product_cat":[144],"product_tag":[],"_links":{"self":[{"href":"https:\/\/kronsafety.com\/shop\/wp-json\/wp\/v2\/product\/1685"}],"collection":[{"href":"https:\/\/kronsafety.com\/shop\/wp-json\/wp\/v2\/product"}],"about":[{"href":"https:\/\/kronsafety.com\/shop\/wp-json\/wp\/v2\/types\/product"}],"wp:featuredmedia":[{"embeddable":true,"href":"https:\/\/kronsafety.com\/shop\/wp-json\/wp\/v2\/media\/1687"}],"wp:attachment":[{"href":"https:\/\/kronsafety.com\/shop\/wp-json\/wp\/v2\/media?parent=1685"}],"wp:term":[{"taxonomy":"product_cat","embeddable":true,"href":"https:\/\/kronsafety.com\/shop\/wp-json\/wp\/v2\/product_cat?post=1685"},{"taxonomy":"product_tag","embeddable":true,"href":"https:\/\/kronsafety.com\/shop\/wp-json\/wp\/v2\/product_tag?post=1685"}],"curies":[{"name":"wp","href":"https:\/\/api.w.org\/{rel}","templated":true}]}}