{"id":1714,"date":"2020-04-24T16:37:14","date_gmt":"2020-04-24T14:37:14","guid":{"rendered":"http:\/\/kronsafety.com\/shop\/?post_type=product&#038;p=1714"},"modified":"2020-04-24T16:37:14","modified_gmt":"2020-04-24T14:37:14","slug":"ciapin-evolution","status":"publish","type":"product","link":"https:\/\/kronsafety.com\/shop\/produkt\/ciapin-evolution\/","title":{"rendered":"Ciapin Evolution"},"content":{"rendered":"<p>Neue spezifische Vorrichtung f\u00fcr die Verwendung bei Hubschrauberbergungen. Macht die Verbindung zwischen dem Haken des Hubschraubers, des Rettungshelfers und der Bahre noch schneller und funktioneller. Aus Dyneema\u00ae mit speziellen N\u00e4hten und Schutzverst\u00e4rkungen, Integriertes Sicherheitssystem mit gen\u00e4htem Verbindungsst\u00fcck Modell TANGO &#8222;Double gate&#8220; und Rei\u00dfsystem, um die Belastungen im Falle eines Absturzes zu mildern.<br \/>\n1 Meter langer Arm.<br \/>\nEN795 B \/ 354 \/ 566 \/ 16415<\/p>\n","protected":false},"excerpt":{"rendered":"<p>Neue spezifische Vorrichtung f\u00fcr die Verwendung bei Hubschrauberbergungen. Macht die Verbindung zwischen dem Haken des Hubschraubers, des Rettungshelfers und der Bahre noch schneller und funktioneller. Aus Dyneema\u00ae mit speziellen N\u00e4hten und Schutzverst\u00e4rkungen, Integriertes Sicherheitssystem mit gen\u00e4htem Verbindungsst\u00fcck Modell TANGO &#8222;Double gate&#8220; und Rei\u00dfsystem, um die Belastungen im Falle eines Absturzes zu mildern. 1 Meter langer [&hellip;]<\/p>\n","protected":false},"featured_media":1715,"template":"","meta":[],"product_cat":[438],"product_tag":[],"_links":{"self":[{"href":"https:\/\/kronsafety.com\/shop\/wp-json\/wp\/v2\/product\/1714"}],"collection":[{"href":"https:\/\/kronsafety.com\/shop\/wp-json\/wp\/v2\/product"}],"about":[{"href":"https:\/\/kronsafety.com\/shop\/wp-json\/wp\/v2\/types\/product"}],"wp:featuredmedia":[{"embeddable":true,"href":"https:\/\/kronsafety.com\/shop\/wp-json\/wp\/v2\/media\/1715"}],"wp:attachment":[{"href":"https:\/\/kronsafety.com\/shop\/wp-json\/wp\/v2\/media?parent=1714"}],"wp:term":[{"taxonomy":"product_cat","embeddable":true,"href":"https:\/\/kronsafety.com\/shop\/wp-json\/wp\/v2\/product_cat?post=1714"},{"taxonomy":"product_tag","embeddable":true,"href":"https:\/\/kronsafety.com\/shop\/wp-json\/wp\/v2\/product_tag?post=1714"}],"curies":[{"name":"wp","href":"https:\/\/api.w.org\/{rel}","templated":true}]}}