{"id":174,"date":"2018-02-02T02:16:19","date_gmt":"2018-02-02T01:16:19","guid":{"rendered":"http:\/\/kronaction.com\/shop\/?post_type=product&#038;p=174"},"modified":"2020-08-24T16:14:59","modified_gmt":"2020-08-24T14:14:59","slug":"smeus","status":"publish","type":"product","link":"https:\/\/kronsafety.com\/shop\/produkt\/smeus\/","title":{"rendered":"Hundegurt Smeus"},"content":{"rendered":"<p>2-teiliges Geschirr f\u00fcr Hunde. Farbig gekennzeichneter Anschlagpunkt f\u00fcr Abseil- oder Windenaktionen. Empfohlen f\u00fcr Rettungshunde von mittelerer Gr\u00f6\u00dfe. Ausgestattet mit 4 regulierbaren Schnallen.<\/p>\n","protected":false},"excerpt":{"rendered":"<p>2-teiliges Geschirr f\u00fcr Hunde. Farbig gekennzeichneter Anschlagpunkt f\u00fcr Abseil- oder Windenaktionen. Empfohlen f\u00fcr Rettungshunde von mittelerer Gr\u00f6\u00dfe. Ausgestattet mit 4 regulierbaren Schnallen.<\/p>\n","protected":false},"featured_media":175,"template":"","meta":[],"product_cat":[15,75],"product_tag":[],"_links":{"self":[{"href":"https:\/\/kronsafety.com\/shop\/wp-json\/wp\/v2\/product\/174"}],"collection":[{"href":"https:\/\/kronsafety.com\/shop\/wp-json\/wp\/v2\/product"}],"about":[{"href":"https:\/\/kronsafety.com\/shop\/wp-json\/wp\/v2\/types\/product"}],"wp:featuredmedia":[{"embeddable":true,"href":"https:\/\/kronsafety.com\/shop\/wp-json\/wp\/v2\/media\/175"}],"wp:attachment":[{"href":"https:\/\/kronsafety.com\/shop\/wp-json\/wp\/v2\/media?parent=174"}],"wp:term":[{"taxonomy":"product_cat","embeddable":true,"href":"https:\/\/kronsafety.com\/shop\/wp-json\/wp\/v2\/product_cat?post=174"},{"taxonomy":"product_tag","embeddable":true,"href":"https:\/\/kronsafety.com\/shop\/wp-json\/wp\/v2\/product_tag?post=174"}],"curies":[{"name":"wp","href":"https:\/\/api.w.org\/{rel}","templated":true}]}}