{"id":1740,"date":"2020-05-07T13:01:38","date_gmt":"2020-05-07T11:01:38","guid":{"rendered":"http:\/\/kronsafety.com\/shop\/?post_type=product&#038;p=1740"},"modified":"2020-05-07T13:09:54","modified_gmt":"2020-05-07T11:09:54","slug":"auffanggurt-newton-easyfit-hi-viz-harness","status":"publish","type":"product","link":"https:\/\/kronsafety.com\/shop\/produkt\/auffanggurt-newton-easyfit-hi-viz-harness\/","title":{"rendered":"Auffanggurt NEWTON EASYFIT HI-VIZ HARNESS"},"content":{"rendered":"<p>Der Auffanggurt NEWTON EASYFIT HI-VIZ verf\u00fcgt \u00fcber eine Weste in Leuchtfarbe mit reflektierenden Streifen, so dass der Anwender von weitem zu sehen ist. Dank des EASYFIT-Konzepts ist er einfach anzulegen. Eine Weste gew\u00e4hrleistet die richtige Form des Gurts und die automatischen FAST-Schnallen im Brustbereich und an den Beinschlaufen erm\u00f6glichen das Anlegen des Gurts mit beiden F\u00fc\u00dfen auf dem Boden. Er ist mit einem praktischen Verstausystem f\u00fcr die MGO-Verbindungselemente und mit Sturzindikatoren ausgestattet. Er ist nach nordamerikanischen, europ\u00e4ischen und russischen Normen zertifiziert.<\/p>\n","protected":false},"excerpt":{"rendered":"<p>https:\/\/player.vimeo.com\/video\/193330870<\/p>\n","protected":false},"featured_media":1743,"template":"","meta":[],"product_cat":[16],"product_tag":[],"_links":{"self":[{"href":"https:\/\/kronsafety.com\/shop\/wp-json\/wp\/v2\/product\/1740"}],"collection":[{"href":"https:\/\/kronsafety.com\/shop\/wp-json\/wp\/v2\/product"}],"about":[{"href":"https:\/\/kronsafety.com\/shop\/wp-json\/wp\/v2\/types\/product"}],"wp:featuredmedia":[{"embeddable":true,"href":"https:\/\/kronsafety.com\/shop\/wp-json\/wp\/v2\/media\/1743"}],"wp:attachment":[{"href":"https:\/\/kronsafety.com\/shop\/wp-json\/wp\/v2\/media?parent=1740"}],"wp:term":[{"taxonomy":"product_cat","embeddable":true,"href":"https:\/\/kronsafety.com\/shop\/wp-json\/wp\/v2\/product_cat?post=1740"},{"taxonomy":"product_tag","embeddable":true,"href":"https:\/\/kronsafety.com\/shop\/wp-json\/wp\/v2\/product_tag?post=1740"}],"curies":[{"name":"wp","href":"https:\/\/api.w.org\/{rel}","templated":true}]}}