{"id":1752,"date":"2020-05-07T13:20:17","date_gmt":"2020-05-07T11:20:17","guid":{"rendered":"http:\/\/kronsafety.com\/shop\/?post_type=product&#038;p=1752"},"modified":"2020-05-07T13:20:17","modified_gmt":"2020-05-07T11:20:17","slug":"auffanggurt-atex-antistatisch","status":"publish","type":"product","link":"https:\/\/kronsafety.com\/shop\/produkt\/auffanggurt-atex-antistatisch\/","title":{"rendered":"Auffanggurt ATEX Antistatisch"},"content":{"rendered":"<p>Der Auffanggurt ATEX antistatisch von ist die ideale L\u00f6sung f\u00fcr Arbeiten in H\u00f6hen in explosionsgef\u00e4hrdeten Bereichen. Durch das antistatische Material der B\u00e4nder des Auffanggurtes wird eine antistatische Entladung durch den Gurt vermieden, so dass hierdurch eine Explosion vermieden werden kann. Der Auffanggurt verf\u00fcgt \u00fcber 2 Auffang\u00f6sen.<br \/>\n&#8211; eine r\u00fcckseitige Auffang\u00f6se &#8211; \u00d6se mit Gurtbandverl\u00e4ngerung<br \/>\n&#8211; eine vordere Auffang\u00f6se (2 Gurtbandschlaufen)<br \/>\nDie sch\u00fctzende R\u00fcckenpolsterung ist abnehmbar, die Schulterriemen sind l\u00e4ngenverstellbar und die Beinschlaufen sind mit Automatikverschl\u00fcssen verstellbar.<\/p>\n","protected":false},"excerpt":{"rendered":"<p>Der Auffanggurt ATEX antistatisch von ist die ideale L\u00f6sung f\u00fcr Arbeiten in H\u00f6hen in explosionsgef\u00e4hrdeten Bereichen. Durch das antistatische Material der B\u00e4nder des Auffanggurtes wird eine antistatische Entladung durch den Gurt vermieden, so dass hierdurch eine Explosion vermieden werden kann. Der Auffanggurt verf\u00fcgt \u00fcber 2 Auffang\u00f6sen. &#8211; eine r\u00fcckseitige Auffang\u00f6se &#8211; \u00d6se mit Gurtbandverl\u00e4ngerung &#8211; [&hellip;]<\/p>\n","protected":false},"featured_media":1755,"template":"","meta":[],"product_cat":[16],"product_tag":[],"_links":{"self":[{"href":"https:\/\/kronsafety.com\/shop\/wp-json\/wp\/v2\/product\/1752"}],"collection":[{"href":"https:\/\/kronsafety.com\/shop\/wp-json\/wp\/v2\/product"}],"about":[{"href":"https:\/\/kronsafety.com\/shop\/wp-json\/wp\/v2\/types\/product"}],"wp:featuredmedia":[{"embeddable":true,"href":"https:\/\/kronsafety.com\/shop\/wp-json\/wp\/v2\/media\/1755"}],"wp:attachment":[{"href":"https:\/\/kronsafety.com\/shop\/wp-json\/wp\/v2\/media?parent=1752"}],"wp:term":[{"taxonomy":"product_cat","embeddable":true,"href":"https:\/\/kronsafety.com\/shop\/wp-json\/wp\/v2\/product_cat?post=1752"},{"taxonomy":"product_tag","embeddable":true,"href":"https:\/\/kronsafety.com\/shop\/wp-json\/wp\/v2\/product_tag?post=1752"}],"curies":[{"name":"wp","href":"https:\/\/api.w.org\/{rel}","templated":true}]}}