{"id":1756,"date":"2020-05-07T13:23:47","date_gmt":"2020-05-07T11:23:47","guid":{"rendered":"http:\/\/kronsafety.com\/shop\/?post_type=product&#038;p=1756"},"modified":"2020-05-07T13:23:48","modified_gmt":"2020-05-07T11:23:48","slug":"auffanggurt-arax","status":"publish","type":"product","link":"https:\/\/kronsafety.com\/shop\/produkt\/auffanggurt-arax\/","title":{"rendered":"Auffanggurt &#8222;ARAX&#8220;"},"content":{"rendered":"<p>Der 2-Punkt-Auffanggurt ARAX ist vollst\u00e4ndig aus feuerfestem ARAMID gefertigt. Schnellverschl\u00fcsse an den Beinschlaufen f\u00fcr schnelles An- und Ausziehen. Polsterung aus flammbest\u00e4ndigen Nomex im Hals- Nackenbereich verhindert Scheuerstellen an der Haut bei l\u00e4ngerem Tragen.<\/p>\n","protected":false},"excerpt":{"rendered":"<p>Der 2-Punkt-Auffanggurt ARAX ist vollst\u00e4ndig aus feuerfestem ARAMID gefertigt. Schnellverschl\u00fcsse an den Beinschlaufen f\u00fcr schnelles An- und Ausziehen. Polsterung aus flammbest\u00e4ndigen Nomex im Hals- Nackenbereich verhindert Scheuerstellen an der Haut bei l\u00e4ngerem Tragen.<\/p>\n","protected":false},"featured_media":1759,"template":"","meta":[],"product_cat":[16],"product_tag":[],"_links":{"self":[{"href":"https:\/\/kronsafety.com\/shop\/wp-json\/wp\/v2\/product\/1756"}],"collection":[{"href":"https:\/\/kronsafety.com\/shop\/wp-json\/wp\/v2\/product"}],"about":[{"href":"https:\/\/kronsafety.com\/shop\/wp-json\/wp\/v2\/types\/product"}],"wp:featuredmedia":[{"embeddable":true,"href":"https:\/\/kronsafety.com\/shop\/wp-json\/wp\/v2\/media\/1759"}],"wp:attachment":[{"href":"https:\/\/kronsafety.com\/shop\/wp-json\/wp\/v2\/media?parent=1756"}],"wp:term":[{"taxonomy":"product_cat","embeddable":true,"href":"https:\/\/kronsafety.com\/shop\/wp-json\/wp\/v2\/product_cat?post=1756"},{"taxonomy":"product_tag","embeddable":true,"href":"https:\/\/kronsafety.com\/shop\/wp-json\/wp\/v2\/product_tag?post=1756"}],"curies":[{"name":"wp","href":"https:\/\/api.w.org\/{rel}","templated":true}]}}