{"id":1760,"date":"2020-05-07T13:25:58","date_gmt":"2020-05-07T11:25:58","guid":{"rendered":"http:\/\/kronsafety.com\/shop\/?post_type=product&#038;p=1760"},"modified":"2020-05-07T13:25:58","modified_gmt":"2020-05-07T11:25:58","slug":"auffanggurt-basic-duo","status":"publish","type":"product","link":"https:\/\/kronsafety.com\/shop\/produkt\/auffanggurt-basic-duo\/","title":{"rendered":"Auffanggurt BASIC DUO"},"content":{"rendered":"<p>Der Basic Duo von Camp ist ein einfacher Auffanggurt mit 2x Auffang\u00f6sen. Er ist vollst\u00e4ndig verstellbar und kommt in Universalgr\u00f6\u00dfe.<br \/>\nDer Basic Duo kann mit einem optional erh\u00e4ltlichen Easy Belt erweitert werden &#8211; damit w\u00fcrde eine zus\u00e4tzliche Haltefunktion erm\u00f6glicht.<br \/>\nAnschlag\u00f6sen:<br \/>\nAuffang\u00f6se Vorn auf Brusth\u00f6he (sternal)<br \/>\nAuffang\u00f6se am R\u00fccken (dorsal)<br \/>\nGr\u00f6\u00dfe: UNI<br \/>\nGewicht: 750 g<br \/>\nCE, EN 361<\/p>\n","protected":false},"excerpt":{"rendered":"<p>Der Basic Duo von Camp ist ein einfacher Auffanggurt mit 2x Auffang\u00f6sen. Er ist vollst\u00e4ndig verstellbar und kommt in Universalgr\u00f6\u00dfe. Der Basic Duo kann mit einem optional erh\u00e4ltlichen Easy Belt erweitert werden &#8211; damit w\u00fcrde eine zus\u00e4tzliche Haltefunktion erm\u00f6glicht. Anschlag\u00f6sen: Auffang\u00f6se Vorn auf Brusth\u00f6he (sternal) Auffang\u00f6se am R\u00fccken (dorsal) Gr\u00f6\u00dfe: UNI Gewicht: 750 g CE, [&hellip;]<\/p>\n","protected":false},"featured_media":1761,"template":"","meta":[],"product_cat":[16],"product_tag":[],"_links":{"self":[{"href":"https:\/\/kronsafety.com\/shop\/wp-json\/wp\/v2\/product\/1760"}],"collection":[{"href":"https:\/\/kronsafety.com\/shop\/wp-json\/wp\/v2\/product"}],"about":[{"href":"https:\/\/kronsafety.com\/shop\/wp-json\/wp\/v2\/types\/product"}],"wp:featuredmedia":[{"embeddable":true,"href":"https:\/\/kronsafety.com\/shop\/wp-json\/wp\/v2\/media\/1761"}],"wp:attachment":[{"href":"https:\/\/kronsafety.com\/shop\/wp-json\/wp\/v2\/media?parent=1760"}],"wp:term":[{"taxonomy":"product_cat","embeddable":true,"href":"https:\/\/kronsafety.com\/shop\/wp-json\/wp\/v2\/product_cat?post=1760"},{"taxonomy":"product_tag","embeddable":true,"href":"https:\/\/kronsafety.com\/shop\/wp-json\/wp\/v2\/product_tag?post=1760"}],"curies":[{"name":"wp","href":"https:\/\/api.w.org\/{rel}","templated":true}]}}