{"id":1775,"date":"2020-05-07T13:41:21","date_gmt":"2020-05-07T11:41:21","guid":{"rendered":"http:\/\/kronsafety.com\/shop\/?post_type=product&#038;p=1775"},"modified":"2020-05-07T14:54:48","modified_gmt":"2020-05-07T12:54:48","slug":"auffanggurt-volt-wind-harness-eur","status":"publish","type":"product","link":"https:\/\/kronsafety.com\/shop\/produkt\/auffanggurt-volt-wind-harness-eur\/","title":{"rendered":"Auffanggurt VOLT WIND HARNESS EUR"},"content":{"rendered":"<p>Der Auffang- und Haltegurt zur Arbeitsplatzpositionierung VOLT WIND l\u00e4sst sich dank der automatischen FAST LT PLUS- und FAST LT-Schnallen sehr schnell mit den F\u00fc\u00dfen am Boden anlegen. Der halbstarre, breite H\u00fcftgurt und die halbstarren, breiten Beinschlaufen gew\u00e4hrleisten optimalen Halt. Die leichte, atmungsaktive Konstruktion sorgt f\u00fcr eine sehr gute Luftzirkulation. Er ist mit einer LADDER CLIMB-Steigschutz\u00f6se ausgestattet. Diese erm\u00f6glicht die Verbindung des Fallschutzl\u00e4ufers in ventraler Position, wodurch der Komfort bei der Fortbewegung optimiert wird. Im Bereich des H\u00fcftgurts und der dorsalen Auffang\u00f6se ist er mit einem Abriebschutz versehen, um die Abnutzung bei der Fortbewegung im Turm der Windkraftanlage zu reduzieren. Er ist nach europ\u00e4ischen und russischen Normen zertifiziert.<\/p>\n","protected":false},"excerpt":{"rendered":"<p>https:\/\/player.vimeo.com\/video\/393380900<\/p>\n","protected":false},"featured_media":1769,"template":"","meta":[],"product_cat":[16],"product_tag":[],"_links":{"self":[{"href":"https:\/\/kronsafety.com\/shop\/wp-json\/wp\/v2\/product\/1775"}],"collection":[{"href":"https:\/\/kronsafety.com\/shop\/wp-json\/wp\/v2\/product"}],"about":[{"href":"https:\/\/kronsafety.com\/shop\/wp-json\/wp\/v2\/types\/product"}],"wp:featuredmedia":[{"embeddable":true,"href":"https:\/\/kronsafety.com\/shop\/wp-json\/wp\/v2\/media\/1769"}],"wp:attachment":[{"href":"https:\/\/kronsafety.com\/shop\/wp-json\/wp\/v2\/media?parent=1775"}],"wp:term":[{"taxonomy":"product_cat","embeddable":true,"href":"https:\/\/kronsafety.com\/shop\/wp-json\/wp\/v2\/product_cat?post=1775"},{"taxonomy":"product_tag","embeddable":true,"href":"https:\/\/kronsafety.com\/shop\/wp-json\/wp\/v2\/product_tag?post=1775"}],"curies":[{"name":"wp","href":"https:\/\/api.w.org\/{rel}","templated":true}]}}