{"id":1779,"date":"2020-05-07T13:58:36","date_gmt":"2020-05-07T11:58:36","guid":{"rendered":"http:\/\/kronsafety.com\/shop\/?post_type=product&#038;p=1779"},"modified":"2020-05-07T14:10:44","modified_gmt":"2020-05-07T12:10:44","slug":"auffanggurt-flex-pro-plus-mit-steigschutzoese","status":"publish","type":"product","link":"https:\/\/kronsafety.com\/shop\/produkt\/auffanggurt-flex-pro-plus-mit-steigschutzoese\/","title":{"rendered":"Auffanggurt Flex Pro Plus mit Steigschutz\u00f6se"},"content":{"rendered":"<p>Unser Allroundgurt f\u00fcr jegliche Arbeiten und Bewegungen im absturzgef\u00e4hrdetem Bereich mit Steigschutz\u00f6se l\u00e4sst sich leicht anlegen und auf jede K\u00f6rperform optimal einstellen. Ausgestattet mit Sturzindikator am R\u00fcckenpolster bietet er ein extra Plus an Sicherheit.<\/p>\n","protected":false},"excerpt":{"rendered":"<p>https:\/\/youtu.be\/tHdc7Tmf7KY<\/p>\n","protected":false},"featured_media":1783,"template":"","meta":[],"product_cat":[16],"product_tag":[],"_links":{"self":[{"href":"https:\/\/kronsafety.com\/shop\/wp-json\/wp\/v2\/product\/1779"}],"collection":[{"href":"https:\/\/kronsafety.com\/shop\/wp-json\/wp\/v2\/product"}],"about":[{"href":"https:\/\/kronsafety.com\/shop\/wp-json\/wp\/v2\/types\/product"}],"wp:featuredmedia":[{"embeddable":true,"href":"https:\/\/kronsafety.com\/shop\/wp-json\/wp\/v2\/media\/1783"}],"wp:attachment":[{"href":"https:\/\/kronsafety.com\/shop\/wp-json\/wp\/v2\/media?parent=1779"}],"wp:term":[{"taxonomy":"product_cat","embeddable":true,"href":"https:\/\/kronsafety.com\/shop\/wp-json\/wp\/v2\/product_cat?post=1779"},{"taxonomy":"product_tag","embeddable":true,"href":"https:\/\/kronsafety.com\/shop\/wp-json\/wp\/v2\/product_tag?post=1779"}],"curies":[{"name":"wp","href":"https:\/\/api.w.org\/{rel}","templated":true}]}}