{"id":178,"date":"2018-02-02T02:25:29","date_gmt":"2018-02-02T01:25:29","guid":{"rendered":"http:\/\/kronaction.com\/shop\/?post_type=product&#038;p=178"},"modified":"2020-08-24T16:13:42","modified_gmt":"2020-08-24T14:13:42","slug":"mangote","status":"publish","type":"product","link":"https:\/\/kronsafety.com\/shop\/produkt\/mangote\/","title":{"rendered":"Hundegurt  Mangote"},"content":{"rendered":"<p>Schwimmweste in Kombination mit Gurt f\u00fcr Rettungshunde welche im Meer oder See eingesetzt werden. Erlaubt ein sicheres Schwimmen und behindert den Hund dabei nicht. Ausgestattet mit drei gro\u00dfen Haltegriffen f\u00fcr Opfer und Retter und einer weiteren \u00d6se im Nackenbereich, um den Hund einfach auf das Boot zu ziehen. Aluminiumring zum Fixieren des Seiles bei Abseilaktionen. Schnelles und einfaches Anziehen durch Schnellverschl\u00fcsse. Auff\u00e4llige Farbe und Reflexstreifen um den Hund auch bei ung\u00fcnstigen Lichtverh\u00e4ltnissen zu erkennen. Gr\u00f6\u00dfe M\/L f\u00fcr Hunde mittlerer Gr\u00f6\u00dfe wie z.B. Labrador, Golden Retriever usw.<\/p>\n<p>Gr\u00f6\u00dfe XL f\u00fcr gr\u00f6\u00dfere Hunde wie Terranova, Leonberger usw.<\/p>\n","protected":false},"excerpt":{"rendered":"<p>https:\/\/youtu.be\/n6lDSlsWbYY<\/p>\n","protected":false},"featured_media":181,"template":"","meta":[],"product_cat":[15,75],"product_tag":[],"_links":{"self":[{"href":"https:\/\/kronsafety.com\/shop\/wp-json\/wp\/v2\/product\/178"}],"collection":[{"href":"https:\/\/kronsafety.com\/shop\/wp-json\/wp\/v2\/product"}],"about":[{"href":"https:\/\/kronsafety.com\/shop\/wp-json\/wp\/v2\/types\/product"}],"wp:featuredmedia":[{"embeddable":true,"href":"https:\/\/kronsafety.com\/shop\/wp-json\/wp\/v2\/media\/181"}],"wp:attachment":[{"href":"https:\/\/kronsafety.com\/shop\/wp-json\/wp\/v2\/media?parent=178"}],"wp:term":[{"taxonomy":"product_cat","embeddable":true,"href":"https:\/\/kronsafety.com\/shop\/wp-json\/wp\/v2\/product_cat?post=178"},{"taxonomy":"product_tag","embeddable":true,"href":"https:\/\/kronsafety.com\/shop\/wp-json\/wp\/v2\/product_tag?post=178"}],"curies":[{"name":"wp","href":"https:\/\/api.w.org\/{rel}","templated":true}]}}