{"id":1796,"date":"2020-05-07T15:58:57","date_gmt":"2020-05-07T13:58:57","guid":{"rendered":"http:\/\/kronsafety.com\/shop\/?post_type=product&#038;p=1796"},"modified":"2020-05-07T16:09:08","modified_gmt":"2020-05-07T14:09:08","slug":"komplettgurt-harness-avao-bod-fast-int","status":"publish","type":"product","link":"https:\/\/kronsafety.com\/shop\/produkt\/komplettgurt-harness-avao-bod-fast-int\/","title":{"rendered":"Komplettgurt HARNESS AVAO BOD FAST INT"},"content":{"rendered":"<p>Der Auffang- und Haltegurt zur Arbeitsplatzpositionierung und zum freih\u00e4ngenden Arbeiten AVAO BOD FAST wurde konzipiert, um den Komfort des Anwenders in jeder Arbeitssituation zu gew\u00e4hrleisten. Der halbstarre, breite H\u00fcftgurt und die halbstarren, breiten Beinschlaufen gew\u00e4hrleisten optimalen Halt. Die leichte, atmungsaktive Konstruktion sorgt f\u00fcr eine sehr gute Luftzirkulation. Die Schultergurte verf\u00fcgen \u00fcber ein System zum griffbereiten Verstauen der Verbindungselemente der Verbindungsmittel zur Absturzsicherung. Selbstverriegelnde DOUBLEBACK-Schnallen an der R\u00fcckseite des Gurts zwischen H\u00fcftgurt und Beinschlaufen erm\u00f6glichen eine k\u00fcrzere Einstellung bei Benutzung der dorsalen Auffang\u00f6se. Mehrere Materialschlaufen und Befestigungsm\u00f6glichkeiten f\u00fcr CARITOOL-Ger\u00e4tehalter und TOOLBAG-Werkzeugtaschen erleichtern den Transport und das Sortieren der Arbeitsger\u00e4te. Der Gurt ist an der dorsalen Auffang\u00f6se mit einem Sturzindikator versehen und wird mit einem Karabiner mit automatischem TRIACT-LOCK-Verriegelungssystem geschlossen. Er ist nach nordamerikanischen und europ\u00e4ischen Normen zertifiziert. Die Beinschlaufen des AVAO BOD FAST sind mit automatischen FAST-Schnallen ausgestattet.<\/p>\n","protected":false},"excerpt":{"rendered":"<p>Der Auffang- und Haltegurt zur Arbeitsplatzpositionierung und zum freih\u00e4ngenden Arbeiten AVAO BOD FAST wurde konzipiert, um den Komfort des Anwenders in jeder Arbeitssituation zu gew\u00e4hrleisten. Der halbstarre, breite H\u00fcftgurt und die halbstarren, breiten Beinschlaufen gew\u00e4hrleisten optimalen Halt. Die leichte, atmungsaktive Konstruktion sorgt f\u00fcr eine sehr gute Luftzirkulation. Die Schultergurte verf\u00fcgen \u00fcber ein System zum griffbereiten [&hellip;]<\/p>\n","protected":false},"featured_media":1792,"template":"","meta":[],"product_cat":[35],"product_tag":[],"_links":{"self":[{"href":"https:\/\/kronsafety.com\/shop\/wp-json\/wp\/v2\/product\/1796"}],"collection":[{"href":"https:\/\/kronsafety.com\/shop\/wp-json\/wp\/v2\/product"}],"about":[{"href":"https:\/\/kronsafety.com\/shop\/wp-json\/wp\/v2\/types\/product"}],"wp:featuredmedia":[{"embeddable":true,"href":"https:\/\/kronsafety.com\/shop\/wp-json\/wp\/v2\/media\/1792"}],"wp:attachment":[{"href":"https:\/\/kronsafety.com\/shop\/wp-json\/wp\/v2\/media?parent=1796"}],"wp:term":[{"taxonomy":"product_cat","embeddable":true,"href":"https:\/\/kronsafety.com\/shop\/wp-json\/wp\/v2\/product_cat?post=1796"},{"taxonomy":"product_tag","embeddable":true,"href":"https:\/\/kronsafety.com\/shop\/wp-json\/wp\/v2\/product_tag?post=1796"}],"curies":[{"name":"wp","href":"https:\/\/api.w.org\/{rel}","templated":true}]}}