{"id":1809,"date":"2020-05-08T07:35:24","date_gmt":"2020-05-08T05:35:24","guid":{"rendered":"http:\/\/kronsafety.com\/shop\/?post_type=product&#038;p=1809"},"modified":"2020-05-08T07:35:24","modified_gmt":"2020-05-08T05:35:24","slug":"komplettgurt-eko","status":"publish","type":"product","link":"https:\/\/kronsafety.com\/shop\/produkt\/komplettgurt-eko\/","title":{"rendered":"Komplettgurt EKO"},"content":{"rendered":"<p>Auffanggurt f\u00fcr Positionierungsverfahren, die Feuerwehr sch\u00e4tzt ihn aufgrund des Komforts und des geringen Gewichts.<br \/>\nMit drei Anschlagpunkten (Bauch, Brust, R\u00fccken) und innovativen Positionierungschlingen an der Seite, die zus\u00e4tzlich das Gewicht verringern.<br \/>\nSpezielle Polsterung f\u00fcr maximalen Tragekomfort; mit leichter Polsterung des H\u00fcftgurts f\u00fcr mehr Atmungsaktivit\u00e4t.<br \/>\nEN361 \/ 358 \/ 12277A \/ 813<\/p>\n","protected":false},"excerpt":{"rendered":"<p>Auffanggurt f\u00fcr Positionierungsverfahren, die Feuerwehr sch\u00e4tzt ihn aufgrund des Komforts und des geringen Gewichts. Mit drei Anschlagpunkten (Bauch, Brust, R\u00fccken) und innovativen Positionierungschlingen an der Seite, die zus\u00e4tzlich das Gewicht verringern. Spezielle Polsterung f\u00fcr maximalen Tragekomfort; mit leichter Polsterung des H\u00fcftgurts f\u00fcr mehr Atmungsaktivit\u00e4t. EN361 \/ 358 \/ 12277A \/ 813<\/p>\n","protected":false},"featured_media":1812,"template":"","meta":[],"product_cat":[35],"product_tag":[],"_links":{"self":[{"href":"https:\/\/kronsafety.com\/shop\/wp-json\/wp\/v2\/product\/1809"}],"collection":[{"href":"https:\/\/kronsafety.com\/shop\/wp-json\/wp\/v2\/product"}],"about":[{"href":"https:\/\/kronsafety.com\/shop\/wp-json\/wp\/v2\/types\/product"}],"wp:featuredmedia":[{"embeddable":true,"href":"https:\/\/kronsafety.com\/shop\/wp-json\/wp\/v2\/media\/1812"}],"wp:attachment":[{"href":"https:\/\/kronsafety.com\/shop\/wp-json\/wp\/v2\/media?parent=1809"}],"wp:term":[{"taxonomy":"product_cat","embeddable":true,"href":"https:\/\/kronsafety.com\/shop\/wp-json\/wp\/v2\/product_cat?post=1809"},{"taxonomy":"product_tag","embeddable":true,"href":"https:\/\/kronsafety.com\/shop\/wp-json\/wp\/v2\/product_tag?post=1809"}],"curies":[{"name":"wp","href":"https:\/\/api.w.org\/{rel}","templated":true}]}}