{"id":1824,"date":"2020-08-24T11:37:35","date_gmt":"2020-08-24T09:37:35","guid":{"rendered":"http:\/\/kronsafety.com\/shop\/?post_type=product&#038;p=1824"},"modified":"2020-08-24T12:23:50","modified_gmt":"2020-08-24T10:23:50","slug":"komplettgurt-roof-master","status":"publish","type":"product","link":"https:\/\/kronsafety.com\/shop\/produkt\/komplettgurt-roof-master\/","title":{"rendered":"Komplettgurt ROOF MASTER"},"content":{"rendered":"<p>Leichter und voll einstellbarer Ganzk\u00f6rpergurt. Am besten geeignet f\u00fcr Arbeiten an geneigten Bereichen und D\u00e4chern. Das einzigartige Singing Rock MOTION SYSTEM bietet dem Benutzer Bewegungsfreiheit, ohne durch Arbeitsseile oder Absturzsicherungssysteme eingeschr\u00e4nkt zu werden. Eine ideale L\u00f6sung f\u00fcr Arbeiten in H\u00f6hen, in denen die genaue Positionierung und Bewegungsfreiheit wichtig sind.<\/p>\n","protected":false},"excerpt":{"rendered":"<p>https:\/\/youtu.be\/HIsW4VNrQkY<\/p>\n","protected":false},"featured_media":1828,"template":"","meta":[],"product_cat":[35],"product_tag":[],"_links":{"self":[{"href":"https:\/\/kronsafety.com\/shop\/wp-json\/wp\/v2\/product\/1824"}],"collection":[{"href":"https:\/\/kronsafety.com\/shop\/wp-json\/wp\/v2\/product"}],"about":[{"href":"https:\/\/kronsafety.com\/shop\/wp-json\/wp\/v2\/types\/product"}],"wp:featuredmedia":[{"embeddable":true,"href":"https:\/\/kronsafety.com\/shop\/wp-json\/wp\/v2\/media\/1828"}],"wp:attachment":[{"href":"https:\/\/kronsafety.com\/shop\/wp-json\/wp\/v2\/media?parent=1824"}],"wp:term":[{"taxonomy":"product_cat","embeddable":true,"href":"https:\/\/kronsafety.com\/shop\/wp-json\/wp\/v2\/product_cat?post=1824"},{"taxonomy":"product_tag","embeddable":true,"href":"https:\/\/kronsafety.com\/shop\/wp-json\/wp\/v2\/product_tag?post=1824"}],"curies":[{"name":"wp","href":"https:\/\/api.w.org\/{rel}","templated":true}]}}