{"id":1833,"date":"2020-08-24T12:29:04","date_gmt":"2020-08-24T10:29:04","guid":{"rendered":"http:\/\/kronsafety.com\/shop\/?post_type=product&#038;p=1833"},"modified":"2020-08-24T12:38:56","modified_gmt":"2020-08-24T10:38:56","slug":"target-pro","status":"publish","type":"product","link":"https:\/\/kronsafety.com\/shop\/produkt\/target-pro\/","title":{"rendered":"TARGET PRO"},"content":{"rendered":"<p>Komplettgurt f\u00fcr Rettung und Luftrettung auch ideal f\u00fcr kurzzeitige seilunterst\u00fctzte Arbeits-und Positionierungsverfahren, Situationen, in denen geringes Gewicht und Beweglichkeit wichtig sind.<br \/>\nHaupteigenschaften:<br \/>\n&#8211; Gut gepolsterte Beinschlaufen, atmungsaktives Material f\u00fcr maximalen Komfort bei l\u00e4ngerem Gebrauch.<br \/>\n&#8211; Ergonomisch geformter H\u00fcftgurt f\u00fcr maximalen Komfort und schnelles An- und Ausziehen.<br \/>\n&#8211; Neongelbe Einfassung f\u00fcr beste Sichtbarkeit.<br \/>\n&#8211; Gurtband aus hochfestem industriellen (HT) Polyester, zweifarbiges Gurtband erleichtert An- und Ausziehen und Regulierung.<br \/>\n&#8211; Materialschlaufen und modulare, platzsparende Struktur f\u00fcr maximale Effizienz.<br \/>\n&#8211; Gro\u00dfer R\u00fcckenanschlagpunkt f\u00fcr maximale Beweglichkeit der Fachkraft am Hubschrauber oder am Boden.<br \/>\n&#8211; Obergeschirr (Brustbereich) mit spezieller ergonomischer Form, gepolstert, atmungsaktiv und sehr leicht, f\u00fcr den maximalen Komfort beim An-, Ausziehen und Tragen.<br \/>\n&#8211; SCHNELLVERSCHLUSS zur Positionierung (Brust) f\u00fcr ein effizientes, schnelles und strukturiertes Arbeiten.<br \/>\n&#8211; Kurze Bandschlinge zum Verbinden von H\u00fcft- und Brustgurt mit farbigem Anschlagring f\u00fcr maximale Effizienz und absolute Arbeissicherheit.<br \/>\nEN361 \/ 813 \/ 358 \/ 12777<\/p>\n","protected":false},"excerpt":{"rendered":"<p>Komplettgurt f\u00fcr Rettung und Luftrettung auch ideal f\u00fcr kurzzeitige seilunterst\u00fctzte Arbeits-und Positionierungsverfahren, Situationen, in denen geringes Gewicht und Beweglichkeit wichtig sind. Haupteigenschaften: &#8211; Gut gepolsterte Beinschlaufen, atmungsaktives Material f\u00fcr maximalen Komfort bei l\u00e4ngerem Gebrauch. &#8211; Ergonomisch geformter H\u00fcftgurt f\u00fcr maximalen Komfort und schnelles An- und Ausziehen. &#8211; Neongelbe Einfassung f\u00fcr beste Sichtbarkeit. &#8211; Gurtband aus [&hellip;]<\/p>\n","protected":false},"featured_media":1838,"template":"","meta":[],"product_cat":[35],"product_tag":[],"_links":{"self":[{"href":"https:\/\/kronsafety.com\/shop\/wp-json\/wp\/v2\/product\/1833"}],"collection":[{"href":"https:\/\/kronsafety.com\/shop\/wp-json\/wp\/v2\/product"}],"about":[{"href":"https:\/\/kronsafety.com\/shop\/wp-json\/wp\/v2\/types\/product"}],"wp:featuredmedia":[{"embeddable":true,"href":"https:\/\/kronsafety.com\/shop\/wp-json\/wp\/v2\/media\/1838"}],"wp:attachment":[{"href":"https:\/\/kronsafety.com\/shop\/wp-json\/wp\/v2\/media?parent=1833"}],"wp:term":[{"taxonomy":"product_cat","embeddable":true,"href":"https:\/\/kronsafety.com\/shop\/wp-json\/wp\/v2\/product_cat?post=1833"},{"taxonomy":"product_tag","embeddable":true,"href":"https:\/\/kronsafety.com\/shop\/wp-json\/wp\/v2\/product_tag?post=1833"}],"curies":[{"name":"wp","href":"https:\/\/api.w.org\/{rel}","templated":true}]}}