{"id":1881,"date":"2020-08-24T13:33:13","date_gmt":"2020-08-24T11:33:13","guid":{"rendered":"http:\/\/kronsafety.com\/shop\/?post_type=product&#038;p=1881"},"modified":"2020-08-24T13:55:22","modified_gmt":"2020-08-24T11:55:22","slug":"sitzgurt-treecore-triple-lock","status":"publish","type":"product","link":"https:\/\/kronsafety.com\/shop\/produkt\/sitzgurt-treecore-triple-lock\/","title":{"rendered":"Sitzgurt TREECORE TRIPLE LOCK"},"content":{"rendered":"<p>Der Tree Core ist ein leichter, funktioneller und speziell f\u00fcr die Baumpflege entwickelter Sitzgurt.<br \/>\nVerstellbares Sliding-D-Kit erh\u00f6ht die laterale Beweglichkeit des Kletterers<br \/>\nEffizientes Materialmanagement durch 4 gro\u00dfe Materialschlaufen, 2 Schnallenb\u00e4nder und Einschubschlaufen (z.B. zur Befestigung des Motors\u00e4genhakens)<br \/>\nSymmetrische Anpassung des Gurtes an den K\u00f6rper durch die beiden Easy Glider Schnallen an der H\u00fcfte<br \/>\nErgonomisch geschnittene Polster f\u00fcr hohen Tragekomfort und maximale Bewegungsfreiheit<br \/>\nVier seitliche textile Halte\u00f6sen, mit zwei abklappbaren Screw-D-Alu-Ringen nach EN 358<br \/>\nVerstellbare Beinschlaufen, dank Triple Lock Schnallen komplett zu \u00f6ffnen<br \/>\nZentrale textile Anseil\u00f6se nach EN 813<\/p>\n","protected":false},"excerpt":{"rendered":"<p>Der Tree Core ist ein leichter, funktioneller und speziell f\u00fcr die Baumpflege entwickelter Sitzgurt. Verstellbares Sliding-D-Kit erh\u00f6ht die laterale Beweglichkeit des Kletterers Effizientes Materialmanagement durch 4 gro\u00dfe Materialschlaufen, 2 Schnallenb\u00e4nder und Einschubschlaufen (z.B. zur Befestigung des Motors\u00e4genhakens) Symmetrische Anpassung des Gurtes an den K\u00f6rper durch die beiden Easy Glider Schnallen an der H\u00fcfte Ergonomisch geschnittene [&hellip;]<\/p>\n","protected":false},"featured_media":1882,"template":"","meta":[],"product_cat":[58],"product_tag":[],"_links":{"self":[{"href":"https:\/\/kronsafety.com\/shop\/wp-json\/wp\/v2\/product\/1881"}],"collection":[{"href":"https:\/\/kronsafety.com\/shop\/wp-json\/wp\/v2\/product"}],"about":[{"href":"https:\/\/kronsafety.com\/shop\/wp-json\/wp\/v2\/types\/product"}],"wp:featuredmedia":[{"embeddable":true,"href":"https:\/\/kronsafety.com\/shop\/wp-json\/wp\/v2\/media\/1882"}],"wp:attachment":[{"href":"https:\/\/kronsafety.com\/shop\/wp-json\/wp\/v2\/media?parent=1881"}],"wp:term":[{"taxonomy":"product_cat","embeddable":true,"href":"https:\/\/kronsafety.com\/shop\/wp-json\/wp\/v2\/product_cat?post=1881"},{"taxonomy":"product_tag","embeddable":true,"href":"https:\/\/kronsafety.com\/shop\/wp-json\/wp\/v2\/product_tag?post=1881"}],"curies":[{"name":"wp","href":"https:\/\/api.w.org\/{rel}","templated":true}]}}